{"id":3871,"date":"2022-02-26T22:18:42","date_gmt":"2022-02-26T21:18:42","guid":{"rendered":"https:\/\/portfolio.radom.pl\/wordpressy\/Misterkanister.pl\/?post_type=product&#038;p=3871"},"modified":"2022-02-26T22:22:09","modified_gmt":"2022-02-26T21:22:09","slug":"lejek-kanister-5-l-10-l-20l-gelg","status":"publish","type":"product","link":"https:\/\/portfolio.radom.pl\/wordpressy\/Misterkanister.pl\/produkt\/lejek-kanister-5-l-10-l-20l-gelg\/","title":{"rendered":"Lejek kanister 5 L 10 L 20L  GELG"},"content":{"rendered":"<div class=\"_1h7wt msts_9u _0d3bd_1NgnH\" data-reactroot=\"\">\n<div>\n<div class=\"mpof_ki myre_zn myre_8v_l _0d3bd_YrWCD\">\n<div class=\"mp4t_16_s mryx_16_s mr3m_1 mli2_1 mh85_56 mh85_0_l\">\n<div class=\"mg9e_8 mg9e_0_s mvrt_0_s mj7a_8 mj7a_0_s mh36_0_s mzmg_6m munh_16_l m3h2_16_l\">\n<div class=\"mp4t_0 mryx_0 munh_56 m3h2_56\">\n<div class=\"mp7g_oh\"><\/div>\n<\/div>\n<\/div>\n<\/div>\n<div class=\"mp4t_16_s mryx_16_s mr3m_1 mli2_1 mh85_56 mh85_0_l\">\n<div class=\"mgn2_16 _0d3bd_5pK0q\">\n<p>Lejek kanistra<\/p>\n<p>Pasuje do kanistra o pojemno\u015bci 5L 10L 20L<\/p>\n<ul>\n<li>Szybsze opr\u00f3\u017cnianie zbiornika<\/li>\n<li>Brak rozpryskiwania i plam podczas przelewania cieczy<\/li>\n<li>Wszechstronne zastosowanie i mo\u017cliwo\u015b\u0107 wykorzystania w przemy\u015ble i w warsztatach<\/li>\n<li>Odporno\u015b\u0107 na paliwa silnikowe, oleje, \u0142ug, kwasy rozcie\u0144czone, itp.<\/li>\n<li>Elastyczno\u015b\u0107, mo\u017cliwo\u015b\u0107 zdj\u0119cia i przymocowania w dowolnym momencie<\/li>\n<li>Oszcz\u0119dno\u015b\u0107 czasu i pieni\u0119dzy<\/li>\n<\/ul>\n<\/div>\n<\/div>\n<\/div>\n<\/div>\n<\/div>\n","protected":false},"excerpt":{"rendered":"<p>Lejek kanistra Pasuje do kanistra o pojemno\u015bci 5L 10L 20L Szybsze opr\u00f3\u017cnianie zbiornika Brak rozpryskiwania i plam podczas przelewania cieczy Wszechstronne zastosowanie i mo\u017cliwo\u015b\u0107 wykorzystania w przemy\u015ble i w warsztatach Odporno\u015b\u0107 na paliwa silnikowe, oleje, \u0142ug, kwasy rozcie\u0144czone, itp. Elastyczno\u015b\u0107, mo\u017cliwo\u015b\u0107 zdj\u0119cia i przymocowania w dowolnym momencie Oszcz\u0119dno\u015b\u0107 czasu i pieni\u0119dzy<\/p>\n","protected":false},"featured_media":3872,"comment_status":"open","ping_status":"closed","template":"","meta":[],"product_cat":[71],"product_tag":[],"class_list":["post-3871","product","type-product","status-publish","has-post-thumbnail","hentry","product_cat-akcesoria"],"jetpack-related-posts":[{"id":3766,"url":"https:\/\/portfolio.radom.pl\/wordpressy\/Misterkanister.pl\/produkt\/uszczelka-kanistra\/","url_meta":{"origin":3871,"position":0},"title":"Uszczelka kanistra","author":"Admin","date":"22 pa\u017adziernika 2021","format":false,"excerpt":"Grubo\u015b\u0107 uszczelki 5mm Wykonane z gumy odpornej na paliwa Uszczelka pasuje do ka\u017cdego kanistra blaszanego o pojemno\u015bci 5 ,10 lub 20 litr\u00f3w ze standardowym wlewem . Zdj\u0119cie pokazuje wlew kanistra standard . Produkcja :Polska","rel":"","context":"Similar post","block_context":{"text":"Similar post","link":""},"img":{"alt_text":"","src":"https:\/\/i0.wp.com\/portfolio.radom.pl\/wordpressy\/Misterkanister.pl\/wp-content\/uploads\/2021\/10\/31.jpg?resize=350%2C200&ssl=1","width":350,"height":200,"srcset":"https:\/\/i0.wp.com\/portfolio.radom.pl\/wordpressy\/Misterkanister.pl\/wp-content\/uploads\/2021\/10\/31.jpg?resize=350%2C200&ssl=1 1x, https:\/\/i0.wp.com\/portfolio.radom.pl\/wordpressy\/Misterkanister.pl\/wp-content\/uploads\/2021\/10\/31.jpg?resize=525%2C300&ssl=1 1.5x, https:\/\/i0.wp.com\/portfolio.radom.pl\/wordpressy\/Misterkanister.pl\/wp-content\/uploads\/2021\/10\/31.jpg?resize=700%2C400&ssl=1 2x"},"classes":[]}],"_links":{"self":[{"href":"https:\/\/portfolio.radom.pl\/wordpressy\/Misterkanister.pl\/wp-json\/wp\/v2\/product\/3871","targetHints":{"allow":["GET"]}}],"collection":[{"href":"https:\/\/portfolio.radom.pl\/wordpressy\/Misterkanister.pl\/wp-json\/wp\/v2\/product"}],"about":[{"href":"https:\/\/portfolio.radom.pl\/wordpressy\/Misterkanister.pl\/wp-json\/wp\/v2\/types\/product"}],"replies":[{"embeddable":true,"href":"https:\/\/portfolio.radom.pl\/wordpressy\/Misterkanister.pl\/wp-json\/wp\/v2\/comments?post=3871"}],"wp:featuredmedia":[{"embeddable":true,"href":"https:\/\/portfolio.radom.pl\/wordpressy\/Misterkanister.pl\/wp-json\/wp\/v2\/media\/3872"}],"wp:attachment":[{"href":"https:\/\/portfolio.radom.pl\/wordpressy\/Misterkanister.pl\/wp-json\/wp\/v2\/media?parent=3871"}],"wp:term":[{"taxonomy":"product_cat","embeddable":true,"href":"https:\/\/portfolio.radom.pl\/wordpressy\/Misterkanister.pl\/wp-json\/wp\/v2\/product_cat?post=3871"},{"taxonomy":"product_tag","embeddable":true,"href":"https:\/\/portfolio.radom.pl\/wordpressy\/Misterkanister.pl\/wp-json\/wp\/v2\/product_tag?post=3871"}],"curies":[{"name":"wp","href":"https:\/\/api.w.org\/{rel}","templated":true}]}}