{"id":3766,"date":"2021-10-22T19:41:29","date_gmt":"2021-10-22T17:41:29","guid":{"rendered":"https:\/\/portfolio.radom.pl\/wordpressy\/Misterkanister.pl\/?post_type=product&#038;p=3766"},"modified":"2021-10-22T19:41:29","modified_gmt":"2021-10-22T17:41:29","slug":"uszczelka-kanistra","status":"publish","type":"product","link":"https:\/\/portfolio.radom.pl\/wordpressy\/Misterkanister.pl\/produkt\/uszczelka-kanistra\/","title":{"rendered":"Uszczelka kanistra"},"content":{"rendered":"","protected":false},"excerpt":{"rendered":"<div class=\"mp4t_16_s mryx_16_s mr3m_1 mli2_1 mh85_56 mh85_0_l\">\n<div class=\"mgn2_16 _0d3bd_5pK0q\">\n<p>Grubo\u015b\u0107 uszczelki 5mm<\/p>\n<p>Wykonane z gumy odpornej na paliwa<\/p>\n<p>Uszczelka pasuje do ka\u017cdego kanistra blaszanego o pojemno\u015bci 5 ,10 lub 20 litr\u00f3w<\/p>\n<p>ze standardowym wlewem .<\/p>\n<p>Zdj\u0119cie pokazuje wlew kanistra standard .<\/p>\n<p>Produkcja :Polska<\/p>\n<\/div>\n<\/div>\n","protected":false},"featured_media":3767,"comment_status":"open","ping_status":"closed","template":"","meta":[],"product_cat":[15],"product_tag":[],"class_list":["post-3766","product","type-product","status-publish","has-post-thumbnail","hentry","product_cat-bez-kategorii"],"jetpack-related-posts":[{"id":3871,"url":"https:\/\/portfolio.radom.pl\/wordpressy\/Misterkanister.pl\/produkt\/lejek-kanister-5-l-10-l-20l-gelg\/","url_meta":{"origin":3766,"position":0},"title":"Lejek kanister 5 L 10 L 20L  GELG","author":"Admin","date":"26 lutego 2022","format":false,"excerpt":"Lejek kanistra Pasuje do kanistra o pojemno\u015bci 5L 10L 20L Szybsze opr\u00f3\u017cnianie zbiornika Brak rozpryskiwania i plam podczas przelewania cieczy Wszechstronne zastosowanie i mo\u017cliwo\u015b\u0107 wykorzystania w przemy\u015ble i w warsztatach Odporno\u015b\u0107 na paliwa silnikowe, oleje, \u0142ug, kwasy rozcie\u0144czone, itp. Elastyczno\u015b\u0107, mo\u017cliwo\u015b\u0107 zdj\u0119cia i przymocowania w dowolnym momencie Oszcz\u0119dno\u015b\u0107 czasu i\u2026","rel":"","context":"Similar post","block_context":{"text":"Similar post","link":""},"img":{"alt_text":"","src":"https:\/\/i0.wp.com\/portfolio.radom.pl\/wordpressy\/Misterkanister.pl\/wp-content\/uploads\/2022\/02\/IMG_20220208_145721-removebg-preview.png?resize=350%2C200&ssl=1","width":350,"height":200,"srcset":"https:\/\/i0.wp.com\/portfolio.radom.pl\/wordpressy\/Misterkanister.pl\/wp-content\/uploads\/2022\/02\/IMG_20220208_145721-removebg-preview.png?resize=350%2C200&ssl=1 1x, https:\/\/i0.wp.com\/portfolio.radom.pl\/wordpressy\/Misterkanister.pl\/wp-content\/uploads\/2022\/02\/IMG_20220208_145721-removebg-preview.png?resize=525%2C300&ssl=1 1.5x, https:\/\/i0.wp.com\/portfolio.radom.pl\/wordpressy\/Misterkanister.pl\/wp-content\/uploads\/2022\/02\/IMG_20220208_145721-removebg-preview.png?resize=700%2C400&ssl=1 2x"},"classes":[]}],"_links":{"self":[{"href":"https:\/\/portfolio.radom.pl\/wordpressy\/Misterkanister.pl\/wp-json\/wp\/v2\/product\/3766","targetHints":{"allow":["GET"]}}],"collection":[{"href":"https:\/\/portfolio.radom.pl\/wordpressy\/Misterkanister.pl\/wp-json\/wp\/v2\/product"}],"about":[{"href":"https:\/\/portfolio.radom.pl\/wordpressy\/Misterkanister.pl\/wp-json\/wp\/v2\/types\/product"}],"replies":[{"embeddable":true,"href":"https:\/\/portfolio.radom.pl\/wordpressy\/Misterkanister.pl\/wp-json\/wp\/v2\/comments?post=3766"}],"wp:featuredmedia":[{"embeddable":true,"href":"https:\/\/portfolio.radom.pl\/wordpressy\/Misterkanister.pl\/wp-json\/wp\/v2\/media\/3767"}],"wp:attachment":[{"href":"https:\/\/portfolio.radom.pl\/wordpressy\/Misterkanister.pl\/wp-json\/wp\/v2\/media?parent=3766"}],"wp:term":[{"taxonomy":"product_cat","embeddable":true,"href":"https:\/\/portfolio.radom.pl\/wordpressy\/Misterkanister.pl\/wp-json\/wp\/v2\/product_cat?post=3766"},{"taxonomy":"product_tag","embeddable":true,"href":"https:\/\/portfolio.radom.pl\/wordpressy\/Misterkanister.pl\/wp-json\/wp\/v2\/product_tag?post=3766"}],"curies":[{"name":"wp","href":"https:\/\/api.w.org\/{rel}","templated":true}]}}