{"id":3679,"date":"2021-09-21T21:41:20","date_gmt":"2021-09-21T19:41:20","guid":{"rendered":"https:\/\/portfolio.radom.pl\/wordpressy\/Misterkanister.pl\/?post_type=product&#038;p=3679"},"modified":"2022-02-26T11:32:26","modified_gmt":"2022-02-26T10:32:26","slug":"zestaw-kanister-lejek-mocowanie","status":"publish","type":"product","link":"https:\/\/portfolio.radom.pl\/wordpressy\/Misterkanister.pl\/produkt\/zestaw-kanister-lejek-mocowanie\/","title":{"rendered":"Zestaw Kanister lejek mocowanie"},"content":{"rendered":"<div class=\"_1bo4a _xu6h2 _1ylmp _2d49e_YrWCD\">\n<div class=\"_1voj4 _z9prt _1xzdi _ai5yc _5d6n2 _15lj1\">\n<div class=\"_4lbi0 _6kfrx _ur8qq _u5o1q _1xm8p _1agsg\">\n<div class=\"_18vat _10a7o _1yhvf _7ccvy\">\n<div class=\"_1fwkl\"><\/div>\n<\/div>\n<\/div>\n<\/div>\n<div class=\"_1voj4 _z9prt _1xzdi _ai5yc _5d6n2 _15lj1\">\n<div class=\"_2d49e_5pK0q\">\n<h1>Zestaw Kanister 20 litrowy lejek mocowanie<\/h1>\n<p>Wykonany z blachy stalowej g\u0142\u0119boko t\u0142oczonej 0,8 mm.<\/p>\n<p>Malowany farb\u0105 proszkow\u0105<\/p>\n<p>Kanistry spe\u0142niaj\u0105 najostrzejsze wymogi dotycz\u0105ce bezpiecze\u0144stwa u\u017cytkowania &#8211; posiadaj\u0105 certyfikaty honorowane we wszystkich krajach UE:<\/p>\n<ul>\n<li>TUV &#8211; wydany przez TUV Rheinland<\/li>\n<li>Numery UN &#8211; nadane przez D\/BAM<\/li>\n<li>GS\/TUV &#8211; wydany przez TUV Rheinland Product Safety<\/li>\n<\/ul>\n<p>Mocowanie Idealne do transportu.<\/p>\n<p>Dzi\u0119ki otworom w mocowaniach mo\u017cna je zamontowa\u0107 za pomoc\u0105 \u015brub w dowolnie wybranym miejscu, np. na powierzchni za\u0142adunkowej lub na zewn\u0105trz kabiny auta.<\/p>\n<p>Zamykane na\u00a0 k\u0142\u00f3dk\u0119.<\/p>\n<ul>\n<li>Wyprodukowane w Polsce<\/li>\n<li>Spawane plazmowo<\/li>\n<li>Malowane farb\u0105 proszkow\u0105<\/li>\n<\/ul>\n<\/div>\n<\/div>\n<\/div>\n<div class=\"_1bo4a _xu6h2 _1ylmp _2d49e_YrWCD\">\n<div class=\"_1voj4 _z9prt _1xzdi _ai5yc _5d6n2 _15lj1\">\n<div class=\"_2d49e_5pK0q\">\n<p>&nbsp;<\/p>\n<p>&nbsp;<\/p>\n<\/div>\n<\/div>\n<div class=\"_1voj4 _z9prt _1xzdi _ai5yc _5d6n2 _15lj1\">\n<div class=\"_4lbi0 _6kfrx _ur8qq _u5o1q _1xm8p _1agsg\">\n<div class=\"_18vat _10a7o _1yhvf _7ccvy\">\n<div class=\"_1fwkl\"><\/div>\n<\/div>\n<\/div>\n<\/div>\n<\/div>\n<div class=\"_1bo4a _xu6h2 _1ylmp _2d49e_YrWCD\">\n<div class=\"_1voj4 _z9prt _1xzdi _ai5yc _5d6n2 _15lj1\">\n<div class=\"_4lbi0 _6kfrx _ur8qq _u5o1q _1xm8p _1agsg\">\n<div class=\"_18vat _10a7o _1yhvf _7ccvy\">\n<div class=\"_1fwkl\"><\/div>\n<\/div>\n<\/div>\n<\/div>\n<\/div>\n","protected":false},"excerpt":{"rendered":"<p>Zestaw Kanister 20 litrowy lejek mocowanie Wykonany z blachy stalowej g\u0142\u0119boko t\u0142oczonej 0,8 mm. Malowany farb\u0105 proszkow\u0105 Kanistry spe\u0142niaj\u0105 najostrzejsze wymogi dotycz\u0105ce bezpiecze\u0144stwa u\u017cytkowania &#8211; posiadaj\u0105 certyfikaty honorowane we wszystkich krajach UE: TUV &#8211; wydany przez TUV Rheinland Numery UN &#8211; nadane przez D\/BAM GS\/TUV &#8211; wydany przez TUV Rheinland Product Safety Mocowanie Idealne do [&hellip;]<\/p>\n","protected":false},"featured_media":3683,"comment_status":"open","ping_status":"closed","template":"","meta":[],"product_cat":[70],"product_tag":[],"class_list":["post-3679","product","type-product","status-publish","has-post-thumbnail","hentry","product_cat-kanistry"],"jetpack-related-posts":[],"_links":{"self":[{"href":"https:\/\/portfolio.radom.pl\/wordpressy\/Misterkanister.pl\/wp-json\/wp\/v2\/product\/3679","targetHints":{"allow":["GET"]}}],"collection":[{"href":"https:\/\/portfolio.radom.pl\/wordpressy\/Misterkanister.pl\/wp-json\/wp\/v2\/product"}],"about":[{"href":"https:\/\/portfolio.radom.pl\/wordpressy\/Misterkanister.pl\/wp-json\/wp\/v2\/types\/product"}],"replies":[{"embeddable":true,"href":"https:\/\/portfolio.radom.pl\/wordpressy\/Misterkanister.pl\/wp-json\/wp\/v2\/comments?post=3679"}],"wp:featuredmedia":[{"embeddable":true,"href":"https:\/\/portfolio.radom.pl\/wordpressy\/Misterkanister.pl\/wp-json\/wp\/v2\/media\/3683"}],"wp:attachment":[{"href":"https:\/\/portfolio.radom.pl\/wordpressy\/Misterkanister.pl\/wp-json\/wp\/v2\/media?parent=3679"}],"wp:term":[{"taxonomy":"product_cat","embeddable":true,"href":"https:\/\/portfolio.radom.pl\/wordpressy\/Misterkanister.pl\/wp-json\/wp\/v2\/product_cat?post=3679"},{"taxonomy":"product_tag","embeddable":true,"href":"https:\/\/portfolio.radom.pl\/wordpressy\/Misterkanister.pl\/wp-json\/wp\/v2\/product_tag?post=3679"}],"curies":[{"name":"wp","href":"https:\/\/api.w.org\/{rel}","templated":true}]}}