{"id":3632,"date":"2021-09-06T21:53:51","date_gmt":"2021-09-06T19:53:51","guid":{"rendered":"https:\/\/portfolio.radom.pl\/wordpressy\/Misterkanister.pl\/?page_id=3632"},"modified":"2021-10-28T20:13:03","modified_gmt":"2021-10-28T18:13:03","slug":"o-nas","status":"publish","type":"page","link":"https:\/\/portfolio.radom.pl\/wordpressy\/Misterkanister.pl\/o-nas\/","title":{"rendered":"O nas"},"content":{"rendered":"<div class=\"vc_row wpb_row vc_row-fluid vc_custom_1520562804742\"><div class=\"wpb_column vc_column_container vc_col-sm-12 vc_col-lg-6 vc_col-md-6\"><div class=\"vc_column-inner\"><div class=\"wpb_wrapper\">\n\t<div  class=\"wpb_single_image wpb_content_element vc_align_left\">\n\t\t\n\t\t<figure class=\"wpb_wrapper vc_figure\">\n\t\t\t<div class=\"vc_single_image-wrapper   vc_box_border_grey\"><img loading=\"lazy\" decoding=\"async\" width=\"1600\" height=\"1068\" src=\"https:\/\/portfolio.radom.pl\/wordpressy\/Misterkanister.pl\/wp-content\/uploads\/2021\/09\/mocowanie-transit.jpg\" class=\"vc_single_image-img attachment-full\" alt=\"\" srcset=\"https:\/\/portfolio.radom.pl\/wordpressy\/Misterkanister.pl\/wp-content\/uploads\/2021\/09\/mocowanie-transit.jpg 1600w, https:\/\/portfolio.radom.pl\/wordpressy\/Misterkanister.pl\/wp-content\/uploads\/2021\/09\/mocowanie-transit-300x200.jpg 300w, https:\/\/portfolio.radom.pl\/wordpressy\/Misterkanister.pl\/wp-content\/uploads\/2021\/09\/mocowanie-transit-1024x684.jpg 1024w, https:\/\/portfolio.radom.pl\/wordpressy\/Misterkanister.pl\/wp-content\/uploads\/2021\/09\/mocowanie-transit-768x513.jpg 768w, https:\/\/portfolio.radom.pl\/wordpressy\/Misterkanister.pl\/wp-content\/uploads\/2021\/09\/mocowanie-transit-1536x1025.jpg 1536w, https:\/\/portfolio.radom.pl\/wordpressy\/Misterkanister.pl\/wp-content\/uploads\/2021\/09\/mocowanie-transit-1320x881.jpg 1320w, https:\/\/portfolio.radom.pl\/wordpressy\/Misterkanister.pl\/wp-content\/uploads\/2021\/09\/mocowanie-transit-600x401.jpg 600w\" sizes=\"auto, (max-width: 1600px) 100vw, 1600px\" \/><\/div>\n\t\t<\/figure>\n\t<\/div>\n<\/div><\/div><\/div><div class=\"wpb_column vc_column_container vc_col-sm-12 vc_col-lg-6 vc_col-md-6\"><div class=\"vc_column-inner\"><div class=\"wpb_wrapper\">\n\t<div class=\"wpb_text_column wpb_content_element \" >\n\t\t<div class=\"wpb_wrapper\">\n\t\t\t<h2 style=\"font-weight: 900; text-align: center;\">Mister Kanister<\/h2>\n<h3 style=\"font-weight: 500; font-family: Lato; text-align: center;\">Zajmujemy si\u0119 sprowadzaniem kanistr\u00f3w najwy\u017cszej jako\u015bci<\/h3>\n\n\t\t<\/div>\n\t<\/div>\n<div class=\"vc_row wpb_row vc_inner vc_row-fluid\"><div class=\"wpb_column vc_column_container vc_col-sm-6\"><div class=\"vc_column-inner\"><div class=\"wpb_wrapper\">\t<div class=\"alus-feature-box  icon left\">\n\n\t\t\t\t\t<a target=\"_blank\" class=\"feature_icon\" href=\"javascript: void(0)\">\n\t\t\t\t<i class=\"fa fa-cube\"><\/i>\n\t\t\t<\/a>\n\t\t\n\t\t\n\t\t<div class=\"feature_content\">\n\t\t\t\t\t\t\t<h3 class=\"feature-title entry-title\">\n\t\t\t\t\t<a target=\"_blank\" href=\"javascript: void(0)\">Kanistry<\/a>\n\t\t\t\t<\/h3>\n\t\t\t\n\t\t\t\t\t\t\t<p class=\"feature_info\">\n\t\t\t\t\tKanistry wysokiej jako\u015bci renomowanych producent\u00f3w\t\t\t\t<\/p>\n\t\t\t\t\t<\/div>\n\t<\/div>\n\t<\/div><\/div><\/div><div class=\"wpb_column vc_column_container vc_col-sm-6\"><div class=\"vc_column-inner\"><div class=\"wpb_wrapper\">\t<div class=\"alus-feature-box  icon left\">\n\n\t\t\t\t\t<a target=\"_blank\" class=\"feature_icon\" href=\"javascript: void(0)\">\n\t\t\t\t<i class=\"fa fa-truck\"><\/i>\n\t\t\t<\/a>\n\t\t\n\t\t\n\t\t<div class=\"feature_content\">\n\t\t\t\t\t\t\t<h3 class=\"feature-title entry-title\">\n\t\t\t\t\t<a target=\"_blank\" href=\"javascript: void(0)\">Akcesoria<\/a>\n\t\t\t\t<\/h3>\n\t\t\t\n\t\t\t\t\t\t\t<p class=\"feature_info\">\n\t\t\t\t\tMocowania na kanistry do Twojego samochodu\t\t\t\t<\/p>\n\t\t\t\t\t<\/div>\n\t<\/div>\n\t<\/div><\/div><\/div><\/div><\/div><\/div><\/div><\/div>\n","protected":false},"excerpt":{"rendered":"Mister Kanister Zajmujemy si\u0119 sprowadzaniem kanistr\u00f3w najwy\u017cszej jako\u015bci Kanistry Kanistry wysokiej jako\u015bci renomowanych producent\u00f3w Akcesoria Mocowania na kanistry do Twojego samochodu","protected":false},"author":1,"featured_media":0,"parent":0,"menu_order":0,"comment_status":"closed","ping_status":"closed","template":"","meta":{"footnotes":""},"class_list":["post-3632","page","type-page","status-publish","hentry"],"jetpack-related-posts":[{"id":3527,"url":"https:\/\/portfolio.radom.pl\/wordpressy\/Misterkanister.pl\/","url_meta":{"origin":3632,"position":0},"title":"Strona g\u0142\u00f3wna","author":"Admin","date":"27 lutego 2017","format":false,"excerpt":"","rel":"","context":"Similar post","block_context":{"text":"Similar post","link":""},"img":{"alt_text":"","src":"","width":0,"height":0},"classes":[]},{"id":2407,"url":"https:\/\/portfolio.radom.pl\/wordpressy\/Misterkanister.pl\/feature-box\/","url_meta":{"origin":3632,"position":1},"title":"Feature Box","author":"Admin","date":"26 marca 2018","format":false,"excerpt":"","rel":"","context":"Similar post","block_context":{"text":"Similar post","link":""},"img":{"alt_text":"","src":"","width":0,"height":0},"classes":[]},{"id":2087,"url":"https:\/\/portfolio.radom.pl\/wordpressy\/Misterkanister.pl\/home-3\/","url_meta":{"origin":3632,"position":2},"title":"Home 3","author":"Admin","date":"1 marca 2018","format":false,"excerpt":"","rel":"","context":"Similar post","block_context":{"text":"Similar post","link":""},"img":{"alt_text":"","src":"","width":0,"height":0},"classes":[]},{"id":2537,"url":"https:\/\/portfolio.radom.pl\/wordpressy\/Misterkanister.pl\/button\/","url_meta":{"origin":3632,"position":3},"title":"Button","author":"Admin","date":"29 marca 2018","format":false,"excerpt":"","rel":"","context":"Similar post","block_context":{"text":"Similar post","link":""},"img":{"alt_text":"","src":"","width":0,"height":0},"classes":[]},{"id":884,"url":"https:\/\/portfolio.radom.pl\/wordpressy\/Misterkanister.pl\/blog\/blog-mansory\/","url_meta":{"origin":3632,"position":4},"title":"Blog Mansory","author":"Admin","date":"22 marca 2017","format":false,"excerpt":"","rel":"","context":"Similar post","block_context":{"text":"Similar post","link":""},"img":{"alt_text":"","src":"","width":0,"height":0},"classes":[]},{"id":2568,"url":"https:\/\/portfolio.radom.pl\/wordpressy\/Misterkanister.pl\/product-shortcode\/","url_meta":{"origin":3632,"position":5},"title":"Product Shortcode","author":"Admin","date":"7 kwietnia 2018","format":false,"excerpt":"","rel":"","context":"Similar post","block_context":{"text":"Similar post","link":""},"img":{"alt_text":"","src":"","width":0,"height":0},"classes":[]}],"_links":{"self":[{"href":"https:\/\/portfolio.radom.pl\/wordpressy\/Misterkanister.pl\/wp-json\/wp\/v2\/pages\/3632","targetHints":{"allow":["GET"]}}],"collection":[{"href":"https:\/\/portfolio.radom.pl\/wordpressy\/Misterkanister.pl\/wp-json\/wp\/v2\/pages"}],"about":[{"href":"https:\/\/portfolio.radom.pl\/wordpressy\/Misterkanister.pl\/wp-json\/wp\/v2\/types\/page"}],"author":[{"embeddable":true,"href":"https:\/\/portfolio.radom.pl\/wordpressy\/Misterkanister.pl\/wp-json\/wp\/v2\/users\/1"}],"replies":[{"embeddable":true,"href":"https:\/\/portfolio.radom.pl\/wordpressy\/Misterkanister.pl\/wp-json\/wp\/v2\/comments?post=3632"}],"version-history":[{"count":8,"href":"https:\/\/portfolio.radom.pl\/wordpressy\/Misterkanister.pl\/wp-json\/wp\/v2\/pages\/3632\/revisions"}],"predecessor-version":[{"id":3785,"href":"https:\/\/portfolio.radom.pl\/wordpressy\/Misterkanister.pl\/wp-json\/wp\/v2\/pages\/3632\/revisions\/3785"}],"wp:attachment":[{"href":"https:\/\/portfolio.radom.pl\/wordpressy\/Misterkanister.pl\/wp-json\/wp\/v2\/media?parent=3632"}],"curies":[{"name":"wp","href":"https:\/\/api.w.org\/{rel}","templated":true}]}}