{"id":3798,"date":"2021-11-06T09:30:45","date_gmt":"2021-11-06T08:30:45","guid":{"rendered":"https:\/\/portfolio.radom.pl\/wordpressy\/Misterkanister.pl\/?post_type=product&#038;p=3798"},"modified":"2022-02-08T14:43:24","modified_gmt":"2022-02-08T13:43:24","slug":"big-pompka-do-spuszczania-paliw","status":"publish","type":"product","link":"https:\/\/portfolio.radom.pl\/wordpressy\/Misterkanister.pl\/en\/product\/big-pompka-do-spuszczania-paliw\/","title":{"rendered":"BIG pompka do spuszczania paliw"},"content":{"rendered":"<h1>BIG Pompka zasysaj\u0105c\u0105 do paliw<\/h1>\n<p>Wysokiej jako\u015bci gumowa gruszka z dwoma zaworkami zwrotnymi wystarczy zaci\u0105gn\u0105\u0107 paliwo lub inne ciecze\u00a0 a po chwili samo zacznie przep\u0142ywa\u0107 bez dodatkowych ucisk\u00f3w .<\/p>\n<p><b>Zastosowanie!<\/b><\/p>\n<p>Przepompowywanie paliwa oraz innych cieczy<\/p>\n<p>W zestawie w\u0105\u017c gumowy odporny na paliwa<\/p>\n<p><b>1)<\/b> strona zasysaj\u0105ca zaw\u00f3r zielony d\u0142ugo\u015b\u0107 w\u0119\u017ca 1,40m<\/p>\n<p><b>2)<\/b> strona spustowa\u00a0 zaw\u00f3r czerwony\u00a0 d\u0142ugo\u015b\u0107 w\u0119\u017ca0,60cm w\u0119\u017ca<\/p>\n<p>Pompka ta jest nasz\u0105 w\u0142asn\u0105 produkcja 0d ponad 8 lat\u00a0 cieszy si\u0119 bardzo dobr\u0105 ocen\u0105 kupuj\u0105cych<\/p>\n<p>na platformie takiej Jak :Allegro ,Amazon czy eBay.<\/p>\n<p>&nbsp;<\/p>","protected":false},"excerpt":{"rendered":"<p>BIG Pompka zasysaj\u0105c\u0105 do paliw Wysokiej jako\u015bci gumowa gruszka z dwoma zaworkami zwrotnymi wystarczy zaci\u0105gn\u0105\u0107 paliwo lub inne ciecze\u00a0 a po chwili samo zacznie przep\u0142ywa\u0107 bez dodatkowych ucisk\u00f3w . Zastosowanie! Przepompowywanie paliwa oraz innych cieczy W zestawie w\u0105\u017c gumowy odporny na paliwa 1) strona zasysaj\u0105ca zaw\u00f3r zielony d\u0142ugo\u015b\u0107 w\u0119\u017ca 1,40m 2) strona spustowa\u00a0 zaw\u00f3r czerwony\u00a0 [&hellip;]<\/p>","protected":false},"featured_media":3799,"comment_status":"open","ping_status":"closed","template":"","meta":[],"product_cat":[15],"product_tag":[],"class_list":["post-3798","product","type-product","status-publish","has-post-thumbnail","hentry","product_cat-bez-kategorii"],"jetpack-related-posts":[],"_links":{"self":[{"href":"https:\/\/portfolio.radom.pl\/wordpressy\/Misterkanister.pl\/en\/wp-json\/wp\/v2\/product\/3798","targetHints":{"allow":["GET"]}}],"collection":[{"href":"https:\/\/portfolio.radom.pl\/wordpressy\/Misterkanister.pl\/en\/wp-json\/wp\/v2\/product"}],"about":[{"href":"https:\/\/portfolio.radom.pl\/wordpressy\/Misterkanister.pl\/en\/wp-json\/wp\/v2\/types\/product"}],"replies":[{"embeddable":true,"href":"https:\/\/portfolio.radom.pl\/wordpressy\/Misterkanister.pl\/en\/wp-json\/wp\/v2\/comments?post=3798"}],"wp:featuredmedia":[{"embeddable":true,"href":"https:\/\/portfolio.radom.pl\/wordpressy\/Misterkanister.pl\/en\/wp-json\/wp\/v2\/media\/3799"}],"wp:attachment":[{"href":"https:\/\/portfolio.radom.pl\/wordpressy\/Misterkanister.pl\/en\/wp-json\/wp\/v2\/media?parent=3798"}],"wp:term":[{"taxonomy":"product_cat","embeddable":true,"href":"https:\/\/portfolio.radom.pl\/wordpressy\/Misterkanister.pl\/en\/wp-json\/wp\/v2\/product_cat?post=3798"},{"taxonomy":"product_tag","embeddable":true,"href":"https:\/\/portfolio.radom.pl\/wordpressy\/Misterkanister.pl\/en\/wp-json\/wp\/v2\/product_tag?post=3798"}],"curies":[{"name":"wp","href":"https:\/\/api.w.org\/{rel}","templated":true}]}}