{"id":62,"date":"2018-03-22T22:50:33","date_gmt":"2018-03-22T21:50:33","guid":{"rendered":"http:\/\/portfolio.radom.pl\/wordpressy\/Kampery\/?page_id=62"},"modified":"2018-04-08T12:31:23","modified_gmt":"2018-04-08T10:31:23","slug":"kontakt","status":"publish","type":"page","link":"https:\/\/portfolio.radom.pl\/wordpressy\/Kampery\/kontakt\/","title":{"rendered":"Kontakt"},"content":{"rendered":"<div class=\"col-md-4\" style=\"padding: 0;\">\r\n<div role=\"form\" class=\"wpcf7\" id=\"wpcf7-f190-o1\" lang=\"pl-PL\" dir=\"ltr\">\n<div class=\"screen-reader-response\"><p role=\"status\" aria-live=\"polite\" aria-atomic=\"true\"><\/p> <ul><\/ul><\/div>\n<form action=\"\/wordpressy\/Kampery\/wp-json\/wp\/v2\/pages\/62#wpcf7-f190-o1\" method=\"post\" class=\"wpcf7-form init\" novalidate=\"novalidate\" data-status=\"init\">\n<div style=\"display: none;\">\n<input type=\"hidden\" name=\"_wpcf7\" value=\"190\" \/>\n<input type=\"hidden\" name=\"_wpcf7_version\" value=\"5.3.2\" \/>\n<input type=\"hidden\" name=\"_wpcf7_locale\" value=\"pl_PL\" \/>\n<input type=\"hidden\" name=\"_wpcf7_unit_tag\" value=\"wpcf7-f190-o1\" \/>\n<input type=\"hidden\" name=\"_wpcf7_container_post\" value=\"0\" \/>\n<input type=\"hidden\" name=\"_wpcf7_posted_data_hash\" value=\"\" \/>\n<\/div>\n<p><label> Imi\u0119 i nazwisko (wymagane)<br \/>\n    <span class=\"wpcf7-form-control-wrap your-name\"><input type=\"text\" name=\"your-name\" value=\"\" size=\"40\" class=\"wpcf7-form-control wpcf7-text wpcf7-validates-as-required\" aria-required=\"true\" aria-invalid=\"false\" \/><\/span> <\/label><\/p>\n<p><label> Adres email (wymagane)<br \/>\n    <span class=\"wpcf7-form-control-wrap your-email\"><input type=\"email\" name=\"your-email\" value=\"\" size=\"40\" class=\"wpcf7-form-control wpcf7-text wpcf7-email wpcf7-validates-as-required wpcf7-validates-as-email\" aria-required=\"true\" aria-invalid=\"false\" \/><\/span> <\/label><\/p>\n<p><label> Temat<br \/>\n    <span class=\"wpcf7-form-control-wrap your-subject\"><input type=\"text\" name=\"your-subject\" value=\"\" size=\"40\" class=\"wpcf7-form-control wpcf7-text\" aria-invalid=\"false\" \/><\/span> <\/label><\/p>\n<p><label> Tre\u015b\u0107 wiadomo\u015bci<br \/>\n    <span class=\"wpcf7-form-control-wrap your-message\"><textarea name=\"your-message\" cols=\"40\" rows=\"10\" class=\"wpcf7-form-control wpcf7-textarea\" aria-invalid=\"false\"><\/textarea><\/span> <\/label><\/p>\n<p><input type=\"submit\" value=\"Wy\u015blij\" class=\"wpcf7-form-control wpcf7-submit\" \/><\/p>\n<div class=\"wpcf7-response-output\" aria-hidden=\"true\"><\/div><\/form><\/div>\r\n<\/div>\r\n<div class=\"col-md-4\" style=\"padding: 0;\">\r\n\r\n<h2 style=\"text-align: left;\">Termo-bud<\/h2>\r\n<h3 style=\"text-align: left;\">Eryk Witkowski<\/h3>\r\n<p style=\"text-align: left;\">Ulica Kaszubska 23 m 1<\/p>\r\n<p style=\"text-align: left;\">26-600 Radom<\/p>\r\nTelefon Kom\u00f3rkowy 502 049 887\r\n<p style=\"text-align: left;\">Telefon 048-365-50-94<\/p>\r\n<p style=\"text-align: left;\">141121154<\/p>\r\n<p style=\"text-align: left;\">NIP 796-150-18-53<\/p>\r\nEmail witkowskieryk@gmail.com\r\n\r\nFax 048 3655094\r\n\r\nNumer konta 45 1940 1076 3036 8938 0000 0000\r\n\r\n<\/div>\r\n<div class=\"col-md-4\" style=\"padding: 0;\"><iframe loading=\"lazy\" style=\"border: 0;width:100%;\" src=\"https:\/\/www.google.com\/maps\/embed?pb=!1m18!1m12!1m3!1d2489.429745968484!2d21.17395151576587!3d51.39515797961681!2m3!1f0!2f0!3f0!3m2!1i1024!2i768!4f13.1!3m3!1m2!1s0x47185ee9f23c6009%3A0x5bf20cc60544269c!2sKaszubska+23%2C+Radom!5e0!3m2!1spl!2spl!4v1522665267858\" width=\"800\" height=\"420\" frameborder=\"0\" allowfullscreen=\"allowfullscreen\"><\/iframe><\/div>","protected":false},"excerpt":{"rendered":"<p>Termo-bud Eryk Witkowski Ulica Kaszubska 23 m 1 26-600 Radom Telefon Kom\u00f3rkowy 502 049 887 Telefon 048-365-50-94 141121154 NIP 796-150-18-53 Email witkowskieryk@gmail.com Fax 048 3655094 Numer konta 45 1940 1076 3036 8938 0000 0000<\/p>\n","protected":false},"author":1,"featured_media":0,"parent":0,"menu_order":0,"comment_status":"closed","ping_status":"closed","template":"template-full-width.php","meta":[],"_links":{"self":[{"href":"https:\/\/portfolio.radom.pl\/wordpressy\/Kampery\/wp-json\/wp\/v2\/pages\/62"}],"collection":[{"href":"https:\/\/portfolio.radom.pl\/wordpressy\/Kampery\/wp-json\/wp\/v2\/pages"}],"about":[{"href":"https:\/\/portfolio.radom.pl\/wordpressy\/Kampery\/wp-json\/wp\/v2\/types\/page"}],"author":[{"embeddable":true,"href":"https:\/\/portfolio.radom.pl\/wordpressy\/Kampery\/wp-json\/wp\/v2\/users\/1"}],"replies":[{"embeddable":true,"href":"https:\/\/portfolio.radom.pl\/wordpressy\/Kampery\/wp-json\/wp\/v2\/comments?post=62"}],"version-history":[{"count":19,"href":"https:\/\/portfolio.radom.pl\/wordpressy\/Kampery\/wp-json\/wp\/v2\/pages\/62\/revisions"}],"predecessor-version":[{"id":192,"href":"https:\/\/portfolio.radom.pl\/wordpressy\/Kampery\/wp-json\/wp\/v2\/pages\/62\/revisions\/192"}],"wp:attachment":[{"href":"https:\/\/portfolio.radom.pl\/wordpressy\/Kampery\/wp-json\/wp\/v2\/media?parent=62"}],"curies":[{"name":"wp","href":"https:\/\/api.w.org\/{rel}","templated":true}]}}