{"id":55,"date":"2018-03-22T22:39:45","date_gmt":"2018-03-22T21:39:45","guid":{"rendered":"http:\/\/portfolio.radom.pl\/wordpressy\/Kampery\/?page_id=55"},"modified":"2021-01-15T09:30:38","modified_gmt":"2021-01-15T08:30:38","slug":"cennik","status":"publish","type":"page","link":"https:\/\/portfolio.radom.pl\/wordpressy\/Kampery\/cennik\/","title":{"rendered":"Cennik"},"content":{"rendered":"<h1>Ceny za wynajem kamper\u00f3w<\/h1>\n<div class=\"container-fluid\" style=\"padding: 0;\">\n<div class=\"col-md-4\" style=\"padding: 0;\">\n<div style=\"background-color: #f55145; color: #fff; font-size: 18px; padding: 5px; max-width: 99%; margin-top: 3px;\">Sezon zimowy\n<p style=\"font-size: 35px;\">400 z\u0142\/doba<\/p>\nbez limitu kilometr\u00f3w\n\n<\/div>\n<\/div>\n<div class=\"col-md-4\" style=\"padding: 0;\">\n<div style=\"background-color: #f55145; color: #fff; font-size: 18px; padding: 5px; max-width: 99%; margin-top: 3px;\">Sezon przej\u015bciowy\n<p style=\"font-size: 35px;\">500 z\u0142\/doba<\/p>\nbez limitu kilometr\u00f3w\n\n<\/div>\n<\/div>\n<div class=\"col-md-4\" style=\"padding: 0;\">\n<div style=\"background-color: #f55145; color: #fff; font-size: 18px; padding: 5px; max-width: 99%; margin-top: 3px;\">Sezon letni\n<p style=\"font-size: 35px;\">600 z\u0142\/doba<\/p>\nbez limitu kilometr\u00f3w\n\n<\/div>\n<\/div>\n<\/div>\n<div class=\"container-fluid\" style=\"margin-top: 25px; padding: 0;\">Przedstawione ceny nie dotycz\u0105 \u015bwi\u0105t oraz ferii zimowych. Ceny za wynajem na 7 dni\nOp\u0142ata serwisowa wynosi <span style=\"color: #f55145; font-weight: bold;\">350 z\u0142<\/span> zawiera :<\/div>\n<div class=\"container-fluid\" style=\"margin-top: 25px; padding: 0;\">\n<ul>\n \t<li><b><span class=\"gmail-wysiwyg-font-size-small\">Pe\u0142n\u0105 butl\u0119 gazow\u0105<\/span><\/b><\/li>\n \t<li><b><span class=\"gmail-wysiwyg-font-size-small\">Mycie z zewn\u0105trz\n<\/span><\/b><\/li>\n \t<li><b><span class=\"gmail-wysiwyg-font-size-small\">Nape\u0142nienie zbiornik\u00f3w wod\u0105<\/span><\/b><\/li>\n \t<li><b><span class=\"gmail-wysiwyg-font-size-small\">Uzupe\u0142nienie p\u0142yn\u00f3w eksploatacyjnych<\/span><\/b><\/li>\n \t<li><b><span class=\"gmail-wysiwyg-font-size-small\">Uzupe\u0142nienie p\u0142ynem thetford toalety chemicznej<\/span><\/b><\/li>\n \t<li><b><span class=\"gmail-wysiwyg-font-size-small\">Kable przy\u0142\u0105czeniowe do pr\u0105du i wody<\/span><\/b><\/li>\n \t<li><b><span class=\"gmail-wysiwyg-font-size-small\">Przeszkolenie w zakresie obs\u0142ugi pojazdu<\/span><\/b><\/li>\n<\/ul>\nKaucja zwrotna za wynajem kampera wynosi <span style=\"color: #f55145; font-weight: bold;\">4000<\/span> z\u0142\n\n<\/div>","protected":false},"excerpt":{"rendered":"<p>Ceny za wynajem kamper\u00f3w Sezon zimowy 400 z\u0142\/doba bez limitu kilometr\u00f3w Sezon przej\u015bciowy 500 z\u0142\/doba bez limitu kilometr\u00f3w Sezon letni 600 z\u0142\/doba bez limitu kilometr\u00f3w Przedstawione ceny nie dotycz\u0105 \u015bwi\u0105t oraz ferii zimowych. Ceny za wynajem na 7 dni Op\u0142ata serwisowa wynosi 350 z\u0142 zawiera : Pe\u0142n\u0105 butl\u0119 gazow\u0105 Mycie z zewn\u0105trz Nape\u0142nienie zbiornik\u00f3w wod\u0105 Uzupe\u0142nienie p\u0142yn\u00f3w eksploatacyjnych Uzupe\u0142nienie p\u0142ynem thetford toalety chemicznej Kable przy\u0142\u0105czeniowe [&hellip;]<\/p>\n","protected":false},"author":1,"featured_media":0,"parent":0,"menu_order":0,"comment_status":"closed","ping_status":"closed","template":"template-full-width.php","meta":[],"_links":{"self":[{"href":"https:\/\/portfolio.radom.pl\/wordpressy\/Kampery\/wp-json\/wp\/v2\/pages\/55"}],"collection":[{"href":"https:\/\/portfolio.radom.pl\/wordpressy\/Kampery\/wp-json\/wp\/v2\/pages"}],"about":[{"href":"https:\/\/portfolio.radom.pl\/wordpressy\/Kampery\/wp-json\/wp\/v2\/types\/page"}],"author":[{"embeddable":true,"href":"https:\/\/portfolio.radom.pl\/wordpressy\/Kampery\/wp-json\/wp\/v2\/users\/1"}],"replies":[{"embeddable":true,"href":"https:\/\/portfolio.radom.pl\/wordpressy\/Kampery\/wp-json\/wp\/v2\/comments?post=55"}],"version-history":[{"count":45,"href":"https:\/\/portfolio.radom.pl\/wordpressy\/Kampery\/wp-json\/wp\/v2\/pages\/55\/revisions"}],"predecessor-version":[{"id":271,"href":"https:\/\/portfolio.radom.pl\/wordpressy\/Kampery\/wp-json\/wp\/v2\/pages\/55\/revisions\/271"}],"wp:attachment":[{"href":"https:\/\/portfolio.radom.pl\/wordpressy\/Kampery\/wp-json\/wp\/v2\/media?parent=55"}],"curies":[{"name":"wp","href":"https:\/\/api.w.org\/{rel}","templated":true}]}}