{"id":53,"date":"2018-03-22T22:39:20","date_gmt":"2018-03-22T21:39:20","guid":{"rendered":"http:\/\/portfolio.radom.pl\/wordpressy\/Kampery\/?page_id=53"},"modified":"2021-01-07T16:44:59","modified_gmt":"2021-01-07T15:44:59","slug":"oferta","status":"publish","type":"page","link":"https:\/\/portfolio.radom.pl\/wordpressy\/Kampery\/oferta\/","title":{"rendered":"Oferta"},"content":{"rendered":"<p>Szczeg\u00f3\u0142y oferty<\/p>\n<h1><strong>POJAZD KAMPER NA WYNAJEM<\/strong><\/h1>\n<p><span style=\"font-size: 18pt;\"><strong>ROLLER 298 model Ford Transit 2.0 TDCi Manual<\/strong><\/span><\/p>\n<p><strong>Zdj\u0119cia\u00a0<\/strong><\/p>\n<p><img loading=\"lazy\" class=\"img-responsive\" src=\"http:\/\/portfolio.radom.pl\/wordpressy\/Kampery\/wp-content\/uploads\/2018\/03\/a900x900-17.jpg\" alt=\"Kamper na wynajem Radom\" width=\"1004\" height=\"531\" \/><\/p>\n<p><img loading=\"lazy\" class=\"img-responsive\" src=\"http:\/\/portfolio.radom.pl\/wordpressy\/Kampery\/wp-content\/uploads\/2018\/03\/289-e1484049342233.jpg\" alt=\"Kamper Radom na wynajem Ford Transit\" width=\"800\" height=\"534\" \/><\/p>\n<p><img loading=\"lazy\" class=\"img-responsive\" src=\"http:\/\/portfolio.radom.pl\/wordpressy\/Kampery\/wp-content\/uploads\/2018\/03\/288-e1484049434485.jpg\" alt=\"Kamper na wynajem Radom Ford Transit\" width=\"800\" height=\"534\" \/><\/p>\n<p><img loading=\"lazy\" class=\"img-responsive\" src=\"http:\/\/portfolio.radom.pl\/wordpressy\/Kampery\/wp-content\/uploads\/2018\/03\/287-e1484049445528.jpg\" alt=\"Kamper na wynajem Radom Ford Transit\" width=\"800\" height=\"534\" \/><\/p>\n<p><img loading=\"lazy\" class=\"img-responsive\" src=\"http:\/\/portfolio.radom.pl\/wordpressy\/Kampery\/wp-content\/uploads\/2018\/03\/a900x900-22-e1484049329822.jpg\" alt=\"Kampery na wynajem Radom\" width=\"534\" height=\"800\" \/><\/p>\n<p><img loading=\"lazy\" class=\"img-responsive\" src=\"http:\/\/portfolio.radom.pl\/wordpressy\/Kampery\/wp-content\/uploads\/2018\/03\/a900x900-1-5.jpg\" alt=\"Kamper Radom Wynajem\" width=\"683\" height=\"1024\" \/><\/p>\n<p><img loading=\"lazy\" class=\"img-responsive\" src=\"http:\/\/portfolio.radom.pl\/wordpressy\/Kampery\/wp-content\/uploads\/2018\/04\/a900x9005.jpg\" width=\"735\" height=\"1102\" \/><\/p>\n<p><img loading=\"lazy\" class=\"img-responsive\" src=\"http:\/\/portfolio.radom.pl\/wordpressy\/Kampery\/wp-content\/uploads\/2018\/04\/a900x9004.jpg\" alt=\"\" width=\"735\" height=\"1102\" \/><\/p>\n<p><img loading=\"lazy\" class=\"img-responsive\" src=\"http:\/\/portfolio.radom.pl\/wordpressy\/Kampery\/wp-content\/uploads\/2018\/04\/a900x9003.jpg\" alt=\"\" width=\"825\" height=\"550\" \/><\/p>\n<p><img loading=\"lazy\" class=\"img-responsive\" src=\"http:\/\/portfolio.radom.pl\/wordpressy\/Kampery\/wp-content\/uploads\/2018\/04\/a900x9002.jpg\" alt=\"\" width=\"825\" height=\"550\" \/><\/p>\n<p><img loading=\"lazy\" class=\"img-responsive\" src=\"http:\/\/portfolio.radom.pl\/wordpressy\/Kampery\/wp-content\/uploads\/2018\/04\/a900x900.jpg\" alt=\"\" width=\"825\" height=\"550\" \/><\/p>\n<p><img loading=\"lazy\" class=\"img-responsive\" src=\"http:\/\/portfolio.radom.pl\/wordpressy\/Kampery\/wp-content\/uploads\/2018\/04\/a900x90012.jpg\" alt=\"\" width=\"735\" height=\"1102\" \/><\/p>\n<p><img loading=\"lazy\" class=\"img-responsive\" src=\"http:\/\/portfolio.radom.pl\/wordpressy\/Kampery\/wp-content\/uploads\/2018\/04\/a900x90011.jpg\" alt=\"\" width=\"825\" height=\"550\" \/><\/p>\n<p><img loading=\"lazy\" class=\"img-responsive\" src=\"http:\/\/portfolio.radom.pl\/wordpressy\/Kampery\/wp-content\/uploads\/2018\/04\/a900x90010.jpg\" alt=\"\" width=\"735\" height=\"1102\" \/><\/p>\n<p><img loading=\"lazy\" class=\"img-responsive\" src=\"http:\/\/portfolio.radom.pl\/wordpressy\/Kampery\/wp-content\/uploads\/2018\/04\/a900x9009.jpg\" alt=\"\" width=\"735\" height=\"1102\" \/><\/p>\n<p><img loading=\"lazy\" class=\"img-responsive\" src=\"http:\/\/portfolio.radom.pl\/wordpressy\/Kampery\/wp-content\/uploads\/2018\/04\/a900x9008.jpg\" alt=\"\" width=\"735\" height=\"1102\" \/><\/p>\n<p><img loading=\"lazy\" class=\"img-responsive\" src=\"http:\/\/portfolio.radom.pl\/wordpressy\/Kampery\/wp-content\/uploads\/2018\/04\/a900x9007.jpg\" alt=\"\" width=\"825\" height=\"550\" \/><\/p>\n<p><img loading=\"lazy\" class=\"img-responsive\" src=\"http:\/\/portfolio.radom.pl\/wordpressy\/Kampery\/wp-content\/uploads\/2018\/04\/a900x9006.jpg\" alt=\"\" width=\"825\" height=\"550\" \/><\/p>\n<p><img loading=\"lazy\" class=\"img-responsive\" src=\"http:\/\/portfolio.radom.pl\/wordpressy\/Kampery\/wp-content\/uploads\/2018\/03\/a900x900-22-e1484049329822.jpg\" alt=\"\" width=\"534\" height=\"800\" \/><\/p>\n<p>\u00a0<\/p>\n<p><img loading=\"lazy\" class=\"img-responsive\" src=\"http:\/\/portfolio.radom.pl\/wordpressy\/Kampery\/wp-content\/uploads\/2018\/03\/a900x900-4-5.jpg\" alt=\"Kampery Radom wynajem\" width=\"683\" height=\"1024\" \/><\/p>\n<p>\u00a0<\/p>\n<p><img loading=\"lazy\" class=\"img-responsive\" src=\"http:\/\/portfolio.radom.pl\/wordpressy\/Kampery\/wp-content\/uploads\/2018\/03\/a900x900-5-5.jpg\" alt=\"Wynajem kamper\u00f3w Radom\" width=\"1024\" height=\"683\" \/><\/p>\n<p><img loading=\"lazy\" class=\"img-responsive\" src=\"http:\/\/portfolio.radom.pl\/wordpressy\/Kampery\/wp-content\/uploads\/2018\/03\/a900x900-3-5.jpg\" alt=\"Wynajem kamper\u00f3w Radom\" width=\"683\" height=\"1024\" \/><\/p>\n<p>\u00a0<\/p>\n<p><strong>Specyfikacja techniczna :<\/strong><\/p>\n<p>Pojazd zbudowany jest na podstawie Forda Transita<\/p>\n<p><strong>2.0 TDCi 170 PS<\/strong><\/p>\n<p><strong>DMC: 3500 kg<\/strong><\/p>\n<p><strong>Skrzynia: Manualna<\/strong><\/p>\n<p><strong>Miejsc do spania 6<\/strong><\/p>\n<p><strong>Tylne 2070\u00d71330<\/strong><\/p>\n<p><strong>\u0141\u00f3\u017cko \u015brodkowe 2120\u00d71886<\/strong><\/p>\n<p><strong>Alkowa 1960\u00d71450<\/strong><\/p>\n<p><strong>Wyposa\u017cenie Standardowe:<\/strong><\/p>\n<p>Klimatyzacja silnikowa<\/p>\n<p>ESP<\/p>\n<p>Lusterka elektryczne<\/p>\n<p>Poduszka powietrzna kierowcy i pasa\u017cera<\/p>\n<p>Tempomat<\/p>\n<p>Moskitiera w drzwiach wej\u015bciowych<\/p>\n<p>Tylne \u0142\u00f3\u017cko opuszczane<\/p>\n<p>Pokrowce na siedzenia<\/p>\n<p>Kamera cofania<\/p>\n<p>Solar120W<\/p>\n<p>Schowek na 2 butle gazowe<\/p>\n<p>Zbiornik na czyst\u0105 wod\u0119 100L<\/p>\n<p>Zbiornik na \u015bcieki 120L<\/p>\n<p>Opuszczany st\u00f3\u0142 w jadalni<\/p>\n<p>Kuchenka 3 palnikowa<\/p>\n<p>Lod\u00f3wka 140L 220V, 12V i gaz<\/p>\n<p>4000 W ogrzewanie diesel<\/p>\n<p>Schowek zewn\u0119trzny 1170\u00d7970-1170\u00d7970<\/p>\n<p>Okno nad cz\u0119\u015bci\u0105 jadaln\u0105 700\u00d7500<\/p>\n<p><strong>Pakiet Comfort<\/strong><\/p>\n<p>Poszerzana o\u015b<\/p>\n<p>Fix 7 Go zestaw naprawczy<\/p>\n<p>Opony Kempingowe<\/p>\n<p>Zamek centralny do kabiny kierowcy z pilotem<\/p>\n<p>ABS, DSR<\/p>\n<p>Fotele kierowy i pasa\u017cera z regulacj\u0105 wysoko\u015bci i nachylenia<\/p>\n<p><strong>Pakiet Dynamic<\/strong><\/p>\n<p>Silnik 170HP<\/p>\n<p>Open Sky \u2013 okno panoramiczne<\/p>\n<p><span style=\"font-size: 18pt;\"><strong>Wyposa\u017cenie dodatkowe <\/strong><\/span><\/p>\n<p><strong>Tv z dvd i antena Dvbt<\/strong><\/p>\n<p><strong>Klimatyzacje postojow\u0105<\/strong><\/p>\n<p><strong>Markize<\/strong><\/p>\n<p><strong>Baga\u017cnik na 4 rowery<\/strong><\/p>\n<p><strong>Panele solarne umo\u017cliwiaj\u0105ce post\u00f3j na dzikim parkingu<br \/><\/strong><\/p>\n<p><strong>Przetwornica<\/strong><\/p>\n<p><strong>Sejf<\/strong><\/p>\n\n\n<figure class=\"wp-container-2 wp-block-gallery-1 wp-block-gallery columns-1\"><ul class=\"blocks-gallery-grid\"><li class=\"blocks-gallery-item\"><figure><img loading=\"lazy\" width=\"2560\" height=\"1920\" src=\"http:\/\/portfolio.radom.pl\/wordpressy\/Kampery\/wp-content\/uploads\/2020\/10\/eryk-tel-2020-932-scaled.jpg\" alt=\"\" data-id=\"219\" data-full-url=\"http:\/\/portfolio.radom.pl\/wordpressy\/Kampery\/wp-content\/uploads\/2020\/10\/eryk-tel-2020-932-scaled.jpg\" data-link=\"http:\/\/portfolio.radom.pl\/wordpressy\/Kampery\/oferta\/eryk-tel-2020-932\/\" class=\"wp-image-219\" srcset=\"https:\/\/portfolio.radom.pl\/wordpressy\/Kampery\/wp-content\/uploads\/2020\/10\/eryk-tel-2020-932-scaled.jpg 2560w, https:\/\/portfolio.radom.pl\/wordpressy\/Kampery\/wp-content\/uploads\/2020\/10\/eryk-tel-2020-932-300x225.jpg 300w, https:\/\/portfolio.radom.pl\/wordpressy\/Kampery\/wp-content\/uploads\/2020\/10\/eryk-tel-2020-932-1024x768.jpg 1024w, https:\/\/portfolio.radom.pl\/wordpressy\/Kampery\/wp-content\/uploads\/2020\/10\/eryk-tel-2020-932-768x576.jpg 768w, https:\/\/portfolio.radom.pl\/wordpressy\/Kampery\/wp-content\/uploads\/2020\/10\/eryk-tel-2020-932-1536x1152.jpg 1536w, https:\/\/portfolio.radom.pl\/wordpressy\/Kampery\/wp-content\/uploads\/2020\/10\/eryk-tel-2020-932-2048x1536.jpg 2048w\" sizes=\"(max-width: 2560px) 100vw, 2560px\" \/><\/figure><\/li><li class=\"blocks-gallery-item\"><figure><img loading=\"lazy\" width=\"2560\" height=\"1920\" src=\"http:\/\/portfolio.radom.pl\/wordpressy\/Kampery\/wp-content\/uploads\/2020\/10\/eryk-tel-2020-936-scaled.jpg\" alt=\"\" data-id=\"220\" data-full-url=\"http:\/\/portfolio.radom.pl\/wordpressy\/Kampery\/wp-content\/uploads\/2020\/10\/eryk-tel-2020-936-scaled.jpg\" data-link=\"http:\/\/portfolio.radom.pl\/wordpressy\/Kampery\/oferta\/eryk-tel-2020-936\/\" class=\"wp-image-220\" srcset=\"https:\/\/portfolio.radom.pl\/wordpressy\/Kampery\/wp-content\/uploads\/2020\/10\/eryk-tel-2020-936-scaled.jpg 2560w, https:\/\/portfolio.radom.pl\/wordpressy\/Kampery\/wp-content\/uploads\/2020\/10\/eryk-tel-2020-936-300x225.jpg 300w, https:\/\/portfolio.radom.pl\/wordpressy\/Kampery\/wp-content\/uploads\/2020\/10\/eryk-tel-2020-936-1024x768.jpg 1024w, https:\/\/portfolio.radom.pl\/wordpressy\/Kampery\/wp-content\/uploads\/2020\/10\/eryk-tel-2020-936-768x576.jpg 768w, https:\/\/portfolio.radom.pl\/wordpressy\/Kampery\/wp-content\/uploads\/2020\/10\/eryk-tel-2020-936-1536x1152.jpg 1536w, https:\/\/portfolio.radom.pl\/wordpressy\/Kampery\/wp-content\/uploads\/2020\/10\/eryk-tel-2020-936-2048x1536.jpg 2048w\" sizes=\"(max-width: 2560px) 100vw, 2560px\" \/><\/figure><\/li><li class=\"blocks-gallery-item\"><figure><img loading=\"lazy\" width=\"2560\" height=\"1920\" src=\"http:\/\/portfolio.radom.pl\/wordpressy\/Kampery\/wp-content\/uploads\/2020\/10\/eryk-tel-2020-952-scaled.jpg\" alt=\"\" data-id=\"221\" data-full-url=\"http:\/\/portfolio.radom.pl\/wordpressy\/Kampery\/wp-content\/uploads\/2020\/10\/eryk-tel-2020-952-scaled.jpg\" data-link=\"http:\/\/portfolio.radom.pl\/wordpressy\/Kampery\/oferta\/eryk-tel-2020-952\/\" class=\"wp-image-221\" srcset=\"https:\/\/portfolio.radom.pl\/wordpressy\/Kampery\/wp-content\/uploads\/2020\/10\/eryk-tel-2020-952-scaled.jpg 2560w, https:\/\/portfolio.radom.pl\/wordpressy\/Kampery\/wp-content\/uploads\/2020\/10\/eryk-tel-2020-952-300x225.jpg 300w, https:\/\/portfolio.radom.pl\/wordpressy\/Kampery\/wp-content\/uploads\/2020\/10\/eryk-tel-2020-952-1024x768.jpg 1024w, https:\/\/portfolio.radom.pl\/wordpressy\/Kampery\/wp-content\/uploads\/2020\/10\/eryk-tel-2020-952-768x576.jpg 768w, https:\/\/portfolio.radom.pl\/wordpressy\/Kampery\/wp-content\/uploads\/2020\/10\/eryk-tel-2020-952-1536x1152.jpg 1536w, https:\/\/portfolio.radom.pl\/wordpressy\/Kampery\/wp-content\/uploads\/2020\/10\/eryk-tel-2020-952-2048x1536.jpg 2048w\" sizes=\"(max-width: 2560px) 100vw, 2560px\" \/><\/figure><\/li><li class=\"blocks-gallery-item\"><figure><img loading=\"lazy\" width=\"2560\" height=\"1920\" src=\"http:\/\/portfolio.radom.pl\/wordpressy\/Kampery\/wp-content\/uploads\/2020\/10\/eryk-tel-2020-959-scaled.jpg\" alt=\"\" data-id=\"222\" data-full-url=\"http:\/\/portfolio.radom.pl\/wordpressy\/Kampery\/wp-content\/uploads\/2020\/10\/eryk-tel-2020-959-scaled.jpg\" data-link=\"http:\/\/portfolio.radom.pl\/wordpressy\/Kampery\/oferta\/eryk-tel-2020-959\/\" class=\"wp-image-222\" srcset=\"https:\/\/portfolio.radom.pl\/wordpressy\/Kampery\/wp-content\/uploads\/2020\/10\/eryk-tel-2020-959-scaled.jpg 2560w, https:\/\/portfolio.radom.pl\/wordpressy\/Kampery\/wp-content\/uploads\/2020\/10\/eryk-tel-2020-959-300x225.jpg 300w, https:\/\/portfolio.radom.pl\/wordpressy\/Kampery\/wp-content\/uploads\/2020\/10\/eryk-tel-2020-959-1024x768.jpg 1024w, https:\/\/portfolio.radom.pl\/wordpressy\/Kampery\/wp-content\/uploads\/2020\/10\/eryk-tel-2020-959-768x576.jpg 768w, https:\/\/portfolio.radom.pl\/wordpressy\/Kampery\/wp-content\/uploads\/2020\/10\/eryk-tel-2020-959-1536x1152.jpg 1536w, https:\/\/portfolio.radom.pl\/wordpressy\/Kampery\/wp-content\/uploads\/2020\/10\/eryk-tel-2020-959-2048x1536.jpg 2048w\" sizes=\"(max-width: 2560px) 100vw, 2560px\" \/><\/figure><\/li><li class=\"blocks-gallery-item\"><figure><img loading=\"lazy\" width=\"2560\" height=\"1920\" src=\"http:\/\/portfolio.radom.pl\/wordpressy\/Kampery\/wp-content\/uploads\/2020\/10\/eryk-tel-2020-1014-scaled.jpg\" alt=\"\" data-id=\"223\" data-full-url=\"http:\/\/portfolio.radom.pl\/wordpressy\/Kampery\/wp-content\/uploads\/2020\/10\/eryk-tel-2020-1014-scaled.jpg\" data-link=\"http:\/\/portfolio.radom.pl\/wordpressy\/Kampery\/oferta\/eryk-tel-2020-1014\/\" class=\"wp-image-223\" srcset=\"https:\/\/portfolio.radom.pl\/wordpressy\/Kampery\/wp-content\/uploads\/2020\/10\/eryk-tel-2020-1014-scaled.jpg 2560w, https:\/\/portfolio.radom.pl\/wordpressy\/Kampery\/wp-content\/uploads\/2020\/10\/eryk-tel-2020-1014-300x225.jpg 300w, https:\/\/portfolio.radom.pl\/wordpressy\/Kampery\/wp-content\/uploads\/2020\/10\/eryk-tel-2020-1014-1024x768.jpg 1024w, https:\/\/portfolio.radom.pl\/wordpressy\/Kampery\/wp-content\/uploads\/2020\/10\/eryk-tel-2020-1014-768x576.jpg 768w, https:\/\/portfolio.radom.pl\/wordpressy\/Kampery\/wp-content\/uploads\/2020\/10\/eryk-tel-2020-1014-1536x1152.jpg 1536w, https:\/\/portfolio.radom.pl\/wordpressy\/Kampery\/wp-content\/uploads\/2020\/10\/eryk-tel-2020-1014-2048x1536.jpg 2048w\" sizes=\"(max-width: 2560px) 100vw, 2560px\" \/><\/figure><\/li><li class=\"blocks-gallery-item\"><figure><img loading=\"lazy\" width=\"2560\" height=\"1920\" src=\"http:\/\/portfolio.radom.pl\/wordpressy\/Kampery\/wp-content\/uploads\/2020\/10\/eryk-tel-2020-1015-scaled.jpg\" alt=\"\" data-id=\"224\" data-full-url=\"http:\/\/portfolio.radom.pl\/wordpressy\/Kampery\/wp-content\/uploads\/2020\/10\/eryk-tel-2020-1015-scaled.jpg\" data-link=\"http:\/\/portfolio.radom.pl\/wordpressy\/Kampery\/oferta\/eryk-tel-2020-1015\/\" class=\"wp-image-224\" srcset=\"https:\/\/portfolio.radom.pl\/wordpressy\/Kampery\/wp-content\/uploads\/2020\/10\/eryk-tel-2020-1015-scaled.jpg 2560w, https:\/\/portfolio.radom.pl\/wordpressy\/Kampery\/wp-content\/uploads\/2020\/10\/eryk-tel-2020-1015-300x225.jpg 300w, https:\/\/portfolio.radom.pl\/wordpressy\/Kampery\/wp-content\/uploads\/2020\/10\/eryk-tel-2020-1015-1024x768.jpg 1024w, https:\/\/portfolio.radom.pl\/wordpressy\/Kampery\/wp-content\/uploads\/2020\/10\/eryk-tel-2020-1015-768x576.jpg 768w, https:\/\/portfolio.radom.pl\/wordpressy\/Kampery\/wp-content\/uploads\/2020\/10\/eryk-tel-2020-1015-1536x1152.jpg 1536w, https:\/\/portfolio.radom.pl\/wordpressy\/Kampery\/wp-content\/uploads\/2020\/10\/eryk-tel-2020-1015-2048x1536.jpg 2048w\" sizes=\"(max-width: 2560px) 100vw, 2560px\" \/><\/figure><\/li><li class=\"blocks-gallery-item\"><figure><img loading=\"lazy\" width=\"933\" height=\"700\" src=\"http:\/\/portfolio.radom.pl\/wordpressy\/Kampery\/wp-content\/uploads\/2020\/10\/wynajem-kampery-1.jpg\" alt=\"\" data-id=\"225\" data-full-url=\"http:\/\/portfolio.radom.pl\/wordpressy\/Kampery\/wp-content\/uploads\/2020\/10\/wynajem-kampery-1.jpg\" data-link=\"http:\/\/portfolio.radom.pl\/wordpressy\/Kampery\/oferta\/wynajem-kampery-1\/\" class=\"wp-image-225\" srcset=\"https:\/\/portfolio.radom.pl\/wordpressy\/Kampery\/wp-content\/uploads\/2020\/10\/wynajem-kampery-1.jpg 933w, https:\/\/portfolio.radom.pl\/wordpressy\/Kampery\/wp-content\/uploads\/2020\/10\/wynajem-kampery-1-300x225.jpg 300w, https:\/\/portfolio.radom.pl\/wordpressy\/Kampery\/wp-content\/uploads\/2020\/10\/wynajem-kampery-1-768x576.jpg 768w\" sizes=\"(max-width: 933px) 100vw, 933px\" \/><\/figure><\/li><li class=\"blocks-gallery-item\"><figure><img loading=\"lazy\" width=\"933\" height=\"700\" src=\"http:\/\/portfolio.radom.pl\/wordpressy\/Kampery\/wp-content\/uploads\/2020\/10\/wynajem-kampery-2.jpg\" alt=\"\" data-id=\"226\" data-full-url=\"http:\/\/portfolio.radom.pl\/wordpressy\/Kampery\/wp-content\/uploads\/2020\/10\/wynajem-kampery-2.jpg\" data-link=\"http:\/\/portfolio.radom.pl\/wordpressy\/Kampery\/oferta\/wynajem-kampery-2\/\" class=\"wp-image-226\" srcset=\"https:\/\/portfolio.radom.pl\/wordpressy\/Kampery\/wp-content\/uploads\/2020\/10\/wynajem-kampery-2.jpg 933w, https:\/\/portfolio.radom.pl\/wordpressy\/Kampery\/wp-content\/uploads\/2020\/10\/wynajem-kampery-2-300x225.jpg 300w, https:\/\/portfolio.radom.pl\/wordpressy\/Kampery\/wp-content\/uploads\/2020\/10\/wynajem-kampery-2-768x576.jpg 768w\" sizes=\"(max-width: 933px) 100vw, 933px\" \/><\/figure><\/li><li class=\"blocks-gallery-item\"><figure><img loading=\"lazy\" width=\"933\" height=\"700\" src=\"http:\/\/portfolio.radom.pl\/wordpressy\/Kampery\/wp-content\/uploads\/2020\/10\/wynajem-kampery-3.jpg\" alt=\"\" data-id=\"227\" data-full-url=\"http:\/\/portfolio.radom.pl\/wordpressy\/Kampery\/wp-content\/uploads\/2020\/10\/wynajem-kampery-3.jpg\" data-link=\"http:\/\/portfolio.radom.pl\/wordpressy\/Kampery\/oferta\/wynajem-kampery-3\/\" class=\"wp-image-227\" srcset=\"https:\/\/portfolio.radom.pl\/wordpressy\/Kampery\/wp-content\/uploads\/2020\/10\/wynajem-kampery-3.jpg 933w, https:\/\/portfolio.radom.pl\/wordpressy\/Kampery\/wp-content\/uploads\/2020\/10\/wynajem-kampery-3-300x225.jpg 300w, https:\/\/portfolio.radom.pl\/wordpressy\/Kampery\/wp-content\/uploads\/2020\/10\/wynajem-kampery-3-768x576.jpg 768w\" sizes=\"(max-width: 933px) 100vw, 933px\" \/><\/figure><\/li><li class=\"blocks-gallery-item\"><figure><img loading=\"lazy\" width=\"525\" height=\"700\" src=\"http:\/\/portfolio.radom.pl\/wordpressy\/Kampery\/wp-content\/uploads\/2020\/10\/wynajem-kampery-4.jpg\" alt=\"\" data-id=\"228\" data-full-url=\"http:\/\/portfolio.radom.pl\/wordpressy\/Kampery\/wp-content\/uploads\/2020\/10\/wynajem-kampery-4.jpg\" data-link=\"http:\/\/portfolio.radom.pl\/wordpressy\/Kampery\/oferta\/wynajem-kampery-4\/\" class=\"wp-image-228\" srcset=\"https:\/\/portfolio.radom.pl\/wordpressy\/Kampery\/wp-content\/uploads\/2020\/10\/wynajem-kampery-4.jpg 525w, https:\/\/portfolio.radom.pl\/wordpressy\/Kampery\/wp-content\/uploads\/2020\/10\/wynajem-kampery-4-225x300.jpg 225w\" sizes=\"(max-width: 525px) 100vw, 525px\" \/><\/figure><\/li><li class=\"blocks-gallery-item\"><figure><img loading=\"lazy\" width=\"933\" height=\"700\" src=\"http:\/\/portfolio.radom.pl\/wordpressy\/Kampery\/wp-content\/uploads\/2020\/10\/wynajem-kampery-5.jpg\" alt=\"\" data-id=\"229\" data-full-url=\"http:\/\/portfolio.radom.pl\/wordpressy\/Kampery\/wp-content\/uploads\/2020\/10\/wynajem-kampery-5.jpg\" data-link=\"http:\/\/portfolio.radom.pl\/wordpressy\/Kampery\/oferta\/wynajem-kampery-5\/\" class=\"wp-image-229\" srcset=\"https:\/\/portfolio.radom.pl\/wordpressy\/Kampery\/wp-content\/uploads\/2020\/10\/wynajem-kampery-5.jpg 933w, https:\/\/portfolio.radom.pl\/wordpressy\/Kampery\/wp-content\/uploads\/2020\/10\/wynajem-kampery-5-300x225.jpg 300w, https:\/\/portfolio.radom.pl\/wordpressy\/Kampery\/wp-content\/uploads\/2020\/10\/wynajem-kampery-5-768x576.jpg 768w\" sizes=\"(max-width: 933px) 100vw, 933px\" \/><\/figure><\/li><li class=\"blocks-gallery-item\"><figure><img loading=\"lazy\" width=\"525\" height=\"700\" src=\"http:\/\/portfolio.radom.pl\/wordpressy\/Kampery\/wp-content\/uploads\/2020\/10\/wynajem-kampery-6.jpg\" alt=\"\" data-id=\"230\" data-full-url=\"http:\/\/portfolio.radom.pl\/wordpressy\/Kampery\/wp-content\/uploads\/2020\/10\/wynajem-kampery-6.jpg\" data-link=\"http:\/\/portfolio.radom.pl\/wordpressy\/Kampery\/oferta\/wynajem-kampery-6\/\" class=\"wp-image-230\" srcset=\"https:\/\/portfolio.radom.pl\/wordpressy\/Kampery\/wp-content\/uploads\/2020\/10\/wynajem-kampery-6.jpg 525w, https:\/\/portfolio.radom.pl\/wordpressy\/Kampery\/wp-content\/uploads\/2020\/10\/wynajem-kampery-6-225x300.jpg 225w\" sizes=\"(max-width: 525px) 100vw, 525px\" \/><\/figure><\/li><li class=\"blocks-gallery-item\"><figure><img loading=\"lazy\" width=\"933\" height=\"700\" src=\"http:\/\/portfolio.radom.pl\/wordpressy\/Kampery\/wp-content\/uploads\/2020\/10\/wynajem-kampery-7.jpg\" alt=\"\" data-id=\"231\" data-full-url=\"http:\/\/portfolio.radom.pl\/wordpressy\/Kampery\/wp-content\/uploads\/2020\/10\/wynajem-kampery-7.jpg\" data-link=\"http:\/\/portfolio.radom.pl\/wordpressy\/Kampery\/oferta\/wynajem-kampery-7\/\" class=\"wp-image-231\" srcset=\"https:\/\/portfolio.radom.pl\/wordpressy\/Kampery\/wp-content\/uploads\/2020\/10\/wynajem-kampery-7.jpg 933w, https:\/\/portfolio.radom.pl\/wordpressy\/Kampery\/wp-content\/uploads\/2020\/10\/wynajem-kampery-7-300x225.jpg 300w, https:\/\/portfolio.radom.pl\/wordpressy\/Kampery\/wp-content\/uploads\/2020\/10\/wynajem-kampery-7-768x576.jpg 768w\" sizes=\"(max-width: 933px) 100vw, 933px\" \/><\/figure><\/li><li class=\"blocks-gallery-item\"><figure><img loading=\"lazy\" width=\"525\" height=\"700\" src=\"http:\/\/portfolio.radom.pl\/wordpressy\/Kampery\/wp-content\/uploads\/2020\/10\/wynajem-kampery-8.jpg\" alt=\"\" data-id=\"232\" data-full-url=\"http:\/\/portfolio.radom.pl\/wordpressy\/Kampery\/wp-content\/uploads\/2020\/10\/wynajem-kampery-8.jpg\" data-link=\"http:\/\/portfolio.radom.pl\/wordpressy\/Kampery\/oferta\/wynajem-kampery-8\/\" class=\"wp-image-232\" srcset=\"https:\/\/portfolio.radom.pl\/wordpressy\/Kampery\/wp-content\/uploads\/2020\/10\/wynajem-kampery-8.jpg 525w, https:\/\/portfolio.radom.pl\/wordpressy\/Kampery\/wp-content\/uploads\/2020\/10\/wynajem-kampery-8-225x300.jpg 225w\" sizes=\"(max-width: 525px) 100vw, 525px\" \/><\/figure><\/li><\/ul><\/figure>\n","protected":false},"excerpt":{"rendered":"<p>Szczeg\u00f3\u0142y oferty POJAZD KAMPER NA WYNAJEM ROLLER 298 model Ford Transit 2.0 TDCi Manual Zdj\u0119cia\u00a0 \u00a0 \u00a0 \u00a0 Specyfikacja techniczna : Pojazd zbudowany jest na podstawie Forda Transita 2.0 TDCi 170 PS DMC: 3500 kg Skrzynia: Manualna Miejsc do spania 6 Tylne 2070\u00d71330 \u0141\u00f3\u017cko \u015brodkowe 2120\u00d71886 Alkowa 1960\u00d71450 Wyposa\u017cenie Standardowe: Klimatyzacja silnikowa ESP Lusterka elektryczne Poduszka powietrzna kierowcy i pasa\u017cera Tempomat Moskitiera w drzwiach wej\u015bciowych [&hellip;]<\/p>\n","protected":false},"author":1,"featured_media":0,"parent":0,"menu_order":0,"comment_status":"closed","ping_status":"closed","template":"template-full-width.php","meta":[],"_links":{"self":[{"href":"https:\/\/portfolio.radom.pl\/wordpressy\/Kampery\/wp-json\/wp\/v2\/pages\/53"}],"collection":[{"href":"https:\/\/portfolio.radom.pl\/wordpressy\/Kampery\/wp-json\/wp\/v2\/pages"}],"about":[{"href":"https:\/\/portfolio.radom.pl\/wordpressy\/Kampery\/wp-json\/wp\/v2\/types\/page"}],"author":[{"embeddable":true,"href":"https:\/\/portfolio.radom.pl\/wordpressy\/Kampery\/wp-json\/wp\/v2\/users\/1"}],"replies":[{"embeddable":true,"href":"https:\/\/portfolio.radom.pl\/wordpressy\/Kampery\/wp-json\/wp\/v2\/comments?post=53"}],"version-history":[{"count":25,"href":"https:\/\/portfolio.radom.pl\/wordpressy\/Kampery\/wp-json\/wp\/v2\/pages\/53\/revisions"}],"predecessor-version":[{"id":267,"href":"https:\/\/portfolio.radom.pl\/wordpressy\/Kampery\/wp-json\/wp\/v2\/pages\/53\/revisions\/267"}],"wp:attachment":[{"href":"https:\/\/portfolio.radom.pl\/wordpressy\/Kampery\/wp-json\/wp\/v2\/media?parent=53"}],"curies":[{"name":"wp","href":"https:\/\/api.w.org\/{rel}","templated":true}]}}