{"id":42,"date":"2018-03-22T22:20:43","date_gmt":"2018-03-22T21:20:43","guid":{"rendered":"http:\/\/portfolio.radom.pl\/wordpressy\/Kampery\/?page_id=42"},"modified":"2018-04-17T14:59:19","modified_gmt":"2018-04-17T12:59:19","slug":"regulamin","status":"publish","type":"page","link":"https:\/\/portfolio.radom.pl\/wordpressy\/Kampery\/regulamin\/","title":{"rendered":"Regulamin"},"content":{"rendered":"<h2>Skr\u00f3cony regulamin<\/h2>\r\n<div class=\"m_-7627038823591539539gmail-su-spoiler-content m_-7627038823591539539gmail-su-clearfix\">\r\n<div>1. Kieruj\u0105cy samochodem campingowym musi mie\u0107 uko\u0144czone 26 lat oraz posiada\u0107 prawo jazdy kategorii B minimum 5 lat<\/div>\r\n<div>2.\u00a0W dniu podpisania umowy Najemca przedk\u0142ada do wgl\u0105du oraz za\u0142\u0105cza ksero dw\u00f3ch aktualnych dokument\u00f3w to\u017csamo\u015bci ze zdj\u0119ciem (w tym jednym z nich musi by\u0107 prawo jazdy), oraz ostatni zap\u0142acony rachunek z adresem (za telefon, energi\u0119, gaz, itp.), kt\u00f3re s\u0105 niezb\u0119dne do podpisania Umowy Najmu.<\/div>\r\n<div>3.Samoch\u00f3d obj\u0119ty jest pe\u0142n\u0105 gwarancj\u0105 producenta.<\/div>\r\n<div>4.\u00a0W przypadku wypadku, awarii, po\u017caru lub kradzie\u017cy Najemca jest zobowi\u0105zany do natychmiastowego poinformowania o zdarzeniu Wynajmuj\u0105cego, a dalsze post\u0119powanie jest uzale\u017cnione od rodzaju uszkodzenia\/awarii.<\/div>\r\n<div>5.\u00a0Rezerwacji samochodu campingowego mo\u017cna dokona\u0107 drog\u0105 telefoniczn\u0105 lub elektroniczn\u0105 (e-mail), otrzymuj\u0105c r\u00f3wnie\u017c drog\u0105 elektroniczn\u0105 potwierdzenie z\u0142o\u017cenia rezerwacji samochodu campingowego.<\/div>\r\n<div>6.Aby dokona\u0107 rezerwacji samochodu nale\u017cy wnie\u015b\u0107 op\u0142at\u0119 rezerwacyjn\u0105 w wysoko\u015bci 30% ca\u0142kowitej op\u0142aty za wynajem\u00a0 Op\u0142at\u0119 rezerwacyjn\u0105 nale\u017cy wnie\u015b\u0107 w terminie 3 dni, od dnia otrzymania potwierdzenia z\u0142o\u017cenia rezerwacji got\u00f3wk\u0105 w siedzibie Wynajmuj\u0105cego lub przelewem na rachunek bankowy. Pozosta\u0142\u0105 cz\u0119\u015b\u0107 op\u0142aty nale\u017cy wnie\u015b\u0107 co najmniej na 3 dni robocze przed okresem wynajmu.<\/div>\r\n<div>7.\u00a0Wp\u0142ata kaucji w wysoko\u015bci uzgodnionej w trakcie przyjmowania rezerwacji\u00a0 5000,00 PLN (s\u0142ownie:pi\u0119\u0107 tysi\u0119cy z\u0142otych) jest warunkiem Najmu samochodu campingowego.<\/div>\r\n<div>8.\u00a0Najemca jest zobowi\u0105zany do odbycia szczeg\u00f3\u0142owego instrukta\u017cu zwi\u0105zanego z u\u017cytkowaniem samochodu campingowego, kt\u00f3re odbywa si\u0119 w punkcie odbioru pojazdu, przed jego wydaniem.<\/div>\r\n<div>9.W samochodzie campingowym obowi\u0105zuje bezwzgl\u0119dny zakaz palenia tytoniu oraz przew\u00f3z zwierz\u0105t\u00a0 niezastosowanie si\u0119 do tego zakazu skutkuje op\u0142at\u0105 2000,00 PLN.<\/div>\r\n<div>10.\u00a0Bezwzgl\u0119dnie zabronione jest prowadzenie samochodu kempingowego pod wp\u0142ywem alkoholu, narkotyk\u00f3w lub innych \u015brodk\u00f3w odurzaj\u0105cych.<\/div>\r\n<div>11.\u00a0Dozwolone jest jedynie poruszanie si\u0119 samochodem campingowym po terenie pa\u0144stw Wsp\u00f3lnoty Europejskiej i pa\u0144stw stowarzyszonych, a wszelkie wyjazdy do pa\u0144stw Europy Wschodniej (np. Rosja, Ukraina, Bia\u0142oru\u015b, Mo\u0142dawia), wymagaj\u0105 pisemnej zgody Wynajmuj\u0105cego.<\/div>\r\n<div>12.\u00a0Najemca nie mo\u017ce u\u017cytkowa\u0107 samochodu campingowego w nast\u0119puj\u0105cych celach: \u2212 \u00a0udzia\u0142 w imprezach samochodowych i testach samochod\u00f3w \u2212 \u00a0transportu \u0142adunk\u00f3w \u0142atwopalnych, truj\u0105cych oraz niebezpiecznych \u2212 \u00a0pomoc w pope\u0142nieniu dzia\u0142a\u0144 sprzecznych z prawem, nawet je\u015bli nie podlegaj\u0105 one karze pozbawienia wolno\u015bci \u2212 \u00a0do dalszego najmu bez pisemnej zgody Wynajmuj\u0105cego \u2212 \u00a0do innych cel\u00f3w kt\u00f3re wykraczaj\u0105 poza postanowienia umowy, a w szczeg\u00f3lno\u015bci do cel\u00f3w nie zwi\u0105zanych z podr\u00f3\u017cowaniem<\/div>\r\n<\/div>\r\n<div><\/div>\r\n<div><a href=\"#\">Link do pe\u0142nej wersji dokumentu<\/a><\/div>","protected":false},"excerpt":{"rendered":"<p>Skr\u00f3cony regulamin 1. Kieruj\u0105cy samochodem campingowym musi mie\u0107 uko\u0144czone 26 lat oraz posiada\u0107 prawo jazdy kategorii B minimum 5 lat 2.\u00a0W dniu podpisania umowy Najemca przedk\u0142ada do wgl\u0105du oraz za\u0142\u0105cza ksero dw\u00f3ch aktualnych dokument\u00f3w to\u017csamo\u015bci ze zdj\u0119ciem (w tym jednym z nich musi by\u0107 prawo jazdy), oraz ostatni zap\u0142acony rachunek z adresem (za telefon, energi\u0119, gaz, itp.), kt\u00f3re s\u0105 niezb\u0119dne do podpisania Umowy Najmu. 3.Samoch\u00f3d [&hellip;]<\/p>\n","protected":false},"author":1,"featured_media":0,"parent":0,"menu_order":0,"comment_status":"closed","ping_status":"closed","template":"template-full-width.php","meta":[],"_links":{"self":[{"href":"https:\/\/portfolio.radom.pl\/wordpressy\/Kampery\/wp-json\/wp\/v2\/pages\/42"}],"collection":[{"href":"https:\/\/portfolio.radom.pl\/wordpressy\/Kampery\/wp-json\/wp\/v2\/pages"}],"about":[{"href":"https:\/\/portfolio.radom.pl\/wordpressy\/Kampery\/wp-json\/wp\/v2\/types\/page"}],"author":[{"embeddable":true,"href":"https:\/\/portfolio.radom.pl\/wordpressy\/Kampery\/wp-json\/wp\/v2\/users\/1"}],"replies":[{"embeddable":true,"href":"https:\/\/portfolio.radom.pl\/wordpressy\/Kampery\/wp-json\/wp\/v2\/comments?post=42"}],"version-history":[{"count":8,"href":"https:\/\/portfolio.radom.pl\/wordpressy\/Kampery\/wp-json\/wp\/v2\/pages\/42\/revisions"}],"predecessor-version":[{"id":199,"href":"https:\/\/portfolio.radom.pl\/wordpressy\/Kampery\/wp-json\/wp\/v2\/pages\/42\/revisions\/199"}],"wp:attachment":[{"href":"https:\/\/portfolio.radom.pl\/wordpressy\/Kampery\/wp-json\/wp\/v2\/media?parent=42"}],"curies":[{"name":"wp","href":"https:\/\/api.w.org\/{rel}","templated":true}]}}