{"id":36,"date":"2018-03-22T22:18:11","date_gmt":"2018-03-22T21:18:11","guid":{"rendered":"http:\/\/portfolio.radom.pl\/wordpressy\/Kampery\/?page_id=36"},"modified":"2018-03-22T22:31:05","modified_gmt":"2018-03-22T21:31:05","slug":"cta2","status":"publish","type":"page","link":"https:\/\/portfolio.radom.pl\/wordpressy\/Kampery\/cta2\/","title":{"rendered":"CTA2"},"content":{"rendered":"Zapraszamy do wsp\u00f3\u0142pracy","protected":false},"excerpt":{"rendered":"<p>Zapraszamy do wsp\u00f3\u0142pracy<\/p>\n","protected":false},"author":1,"featured_media":0,"parent":0,"menu_order":0,"comment_status":"closed","ping_status":"closed","template":"","meta":[],"_links":{"self":[{"href":"https:\/\/portfolio.radom.pl\/wordpressy\/Kampery\/wp-json\/wp\/v2\/pages\/36"}],"collection":[{"href":"https:\/\/portfolio.radom.pl\/wordpressy\/Kampery\/wp-json\/wp\/v2\/pages"}],"about":[{"href":"https:\/\/portfolio.radom.pl\/wordpressy\/Kampery\/wp-json\/wp\/v2\/types\/page"}],"author":[{"embeddable":true,"href":"https:\/\/portfolio.radom.pl\/wordpressy\/Kampery\/wp-json\/wp\/v2\/users\/1"}],"replies":[{"embeddable":true,"href":"https:\/\/portfolio.radom.pl\/wordpressy\/Kampery\/wp-json\/wp\/v2\/comments?post=36"}],"version-history":[{"count":2,"href":"https:\/\/portfolio.radom.pl\/wordpressy\/Kampery\/wp-json\/wp\/v2\/pages\/36\/revisions"}],"predecessor-version":[{"id":52,"href":"https:\/\/portfolio.radom.pl\/wordpressy\/Kampery\/wp-json\/wp\/v2\/pages\/36\/revisions\/52"}],"wp:attachment":[{"href":"https:\/\/portfolio.radom.pl\/wordpressy\/Kampery\/wp-json\/wp\/v2\/media?parent=36"}],"curies":[{"name":"wp","href":"https:\/\/api.w.org\/{rel}","templated":true}]}}