{"id":34,"date":"2018-03-22T22:17:52","date_gmt":"2018-03-22T21:17:52","guid":{"rendered":"http:\/\/portfolio.radom.pl\/wordpressy\/Kampery\/?page_id=34"},"modified":"2018-03-22T22:17:52","modified_gmt":"2018-03-22T21:17:52","slug":"cta1","status":"publish","type":"page","link":"https:\/\/portfolio.radom.pl\/wordpressy\/Kampery\/cta1\/","title":{"rendered":"CTA1"},"content":{"rendered":"Zapraszamy do zapoznania si\u0119 z nasz\u0105 ofert\u0105","protected":false},"excerpt":{"rendered":"<p>Zapraszamy do zapoznania si\u0119 z nasz\u0105 ofert\u0105<\/p>\n","protected":false},"author":1,"featured_media":0,"parent":0,"menu_order":0,"comment_status":"closed","ping_status":"closed","template":"","meta":[],"_links":{"self":[{"href":"https:\/\/portfolio.radom.pl\/wordpressy\/Kampery\/wp-json\/wp\/v2\/pages\/34"}],"collection":[{"href":"https:\/\/portfolio.radom.pl\/wordpressy\/Kampery\/wp-json\/wp\/v2\/pages"}],"about":[{"href":"https:\/\/portfolio.radom.pl\/wordpressy\/Kampery\/wp-json\/wp\/v2\/types\/page"}],"author":[{"embeddable":true,"href":"https:\/\/portfolio.radom.pl\/wordpressy\/Kampery\/wp-json\/wp\/v2\/users\/1"}],"replies":[{"embeddable":true,"href":"https:\/\/portfolio.radom.pl\/wordpressy\/Kampery\/wp-json\/wp\/v2\/comments?post=34"}],"version-history":[{"count":1,"href":"https:\/\/portfolio.radom.pl\/wordpressy\/Kampery\/wp-json\/wp\/v2\/pages\/34\/revisions"}],"predecessor-version":[{"id":35,"href":"https:\/\/portfolio.radom.pl\/wordpressy\/Kampery\/wp-json\/wp\/v2\/pages\/34\/revisions\/35"}],"wp:attachment":[{"href":"https:\/\/portfolio.radom.pl\/wordpressy\/Kampery\/wp-json\/wp\/v2\/media?parent=34"}],"curies":[{"name":"wp","href":"https:\/\/api.w.org\/{rel}","templated":true}]}}