{"id":236,"date":"2020-12-01T11:05:24","date_gmt":"2020-12-01T10:05:24","guid":{"rendered":"http:\/\/portfolio.radom.pl\/wordpressy\/Kampery\/?page_id=236"},"modified":"2021-01-07T16:46:37","modified_gmt":"2021-01-07T15:46:37","slug":"ford-transit-roller-team","status":"publish","type":"page","link":"https:\/\/portfolio.radom.pl\/wordpressy\/Kampery\/ford-transit-roller-team\/","title":{"rendered":"FORD Transit Roller Team"},"content":{"rendered":"\n<p>5 osobowy<\/p>\n<p>170 KM <\/p>\n<p>Skrzynia bieg\u00f3w : Automat<\/p>\n<p><strong>Doskonale wyposa\u017cony:<\/strong><\/p>\n<p>Klimatyzacja postojowa<\/p>\n<p>sejf<\/p>\n<p>TV z wifi<\/p>\n<p>czujnik gazu<\/p>\n<p>automatyczna skrzynia<\/p>\n<p>przetwornica z gniazdem 230 V<\/p>\n<p>Kamera cofania<\/p>\n<p>Solary 120W<\/p>\n<p>Markiza Thule 4,5m<\/p>\n<p>pod\u0142oga pod markiz\u0119<\/p>\n<p>O\u015bwietlenie Led<\/p>\n<p>Baga\u017cnik na rowery 4<\/p>\n<p>Rolety Reims<\/p>\n<p><strong>Mo\u017cliwo\u015b\u0107 wypo\u017cyczenia dodatkowego wyposa\u017cenia:<\/strong><\/p>\n<p>&#8211; zastawa sto\u0142owa<\/p>\n<p>&#8211; garnki<\/p>\n<p>&#8211; krzes\u0142a i st\u00f3\u0142<\/p>\n<p><strong>Auto po ka\u017cdym wynajmie jest ozonowane i na\u015bwietlane lamp\u0105 UV-C<\/strong><\/p>\n<p>Cena za dob\u0119 najmu:<\/p>\n<p>sezon niski- 400 z\u0142\/doba<\/p>\n<p>sezon \u015bredni- 500 z\u0142\/doba<\/p>\n<p>sezon wysoki- 600 z\u0142\/doba<\/p>\n<p><strong>Warunki najmu<\/strong><\/p>\n<p>\u2022 wysoko\u015b\u0107 kaucji 4 000 z\u0142 (karta, got\u00f3wka, przelew)<\/p>\n<p>\u2022 op\u0142ata serwisowa 350 z\u0142<\/p>\n<p>\u2022 wst\u0119pna rezerwacja mailowa lub telefoniczna<\/p>\n<p>\u2022 potwierdzenie rezerwacji poprzez wp\u0142at\u0119 zadatku w wysoko\u015bci 30% kwoty najmu<\/p>\n<p>\u2022 do umowy potrzebne s\u0105 : dow\u00f3d osobisty, prawo jazdy<\/p>\n<p>\u2022 wypo\u017cyczaj\u0105cy musi mie\u0107 minimum 26 lat , prawo jazdy 3 lata<\/p>\n<p>Mo\u017cliwo\u015b\u0107 wystawienia faktury VAT<\/p>\n<p><img loading=\"lazy\" class=\"alignnone wp-image-238 size-full\" src=\"http:\/\/portfolio.radom.pl\/wordpressy\/Kampery\/wp-content\/uploads\/2020\/12\/1.jpg\" alt=\"\" width=\"933\" height=\"700\" srcset=\"https:\/\/portfolio.radom.pl\/wordpressy\/Kampery\/wp-content\/uploads\/2020\/12\/1.jpg 933w, https:\/\/portfolio.radom.pl\/wordpressy\/Kampery\/wp-content\/uploads\/2020\/12\/1-300x225.jpg 300w, https:\/\/portfolio.radom.pl\/wordpressy\/Kampery\/wp-content\/uploads\/2020\/12\/1-768x576.jpg 768w\" sizes=\"(max-width: 933px) 100vw, 933px\" \/> <img loading=\"lazy\" class=\"alignnone wp-image-239 size-full\" src=\"http:\/\/portfolio.radom.pl\/wordpressy\/Kampery\/wp-content\/uploads\/2020\/12\/2.jpg\" alt=\"\" width=\"933\" height=\"700\" srcset=\"https:\/\/portfolio.radom.pl\/wordpressy\/Kampery\/wp-content\/uploads\/2020\/12\/2.jpg 933w, https:\/\/portfolio.radom.pl\/wordpressy\/Kampery\/wp-content\/uploads\/2020\/12\/2-300x225.jpg 300w, https:\/\/portfolio.radom.pl\/wordpressy\/Kampery\/wp-content\/uploads\/2020\/12\/2-768x576.jpg 768w\" sizes=\"(max-width: 933px) 100vw, 933px\" \/> <img loading=\"lazy\" class=\"alignnone wp-image-240 size-full\" src=\"http:\/\/portfolio.radom.pl\/wordpressy\/Kampery\/wp-content\/uploads\/2020\/12\/3.jpg\" alt=\"\" width=\"933\" height=\"700\" srcset=\"https:\/\/portfolio.radom.pl\/wordpressy\/Kampery\/wp-content\/uploads\/2020\/12\/3.jpg 933w, https:\/\/portfolio.radom.pl\/wordpressy\/Kampery\/wp-content\/uploads\/2020\/12\/3-300x225.jpg 300w, https:\/\/portfolio.radom.pl\/wordpressy\/Kampery\/wp-content\/uploads\/2020\/12\/3-768x576.jpg 768w\" sizes=\"(max-width: 933px) 100vw, 933px\" \/> <img loading=\"lazy\" class=\"alignnone wp-image-241 size-full\" src=\"http:\/\/portfolio.radom.pl\/wordpressy\/Kampery\/wp-content\/uploads\/2020\/12\/4.jpg\" alt=\"\" width=\"933\" height=\"700\" srcset=\"https:\/\/portfolio.radom.pl\/wordpressy\/Kampery\/wp-content\/uploads\/2020\/12\/4.jpg 933w, https:\/\/portfolio.radom.pl\/wordpressy\/Kampery\/wp-content\/uploads\/2020\/12\/4-300x225.jpg 300w, https:\/\/portfolio.radom.pl\/wordpressy\/Kampery\/wp-content\/uploads\/2020\/12\/4-768x576.jpg 768w\" sizes=\"(max-width: 933px) 100vw, 933px\" \/> <img loading=\"lazy\" class=\"alignnone wp-image-242 size-full\" src=\"http:\/\/portfolio.radom.pl\/wordpressy\/Kampery\/wp-content\/uploads\/2020\/12\/5.jpg\" alt=\"\" width=\"933\" height=\"700\" srcset=\"https:\/\/portfolio.radom.pl\/wordpressy\/Kampery\/wp-content\/uploads\/2020\/12\/5.jpg 933w, https:\/\/portfolio.radom.pl\/wordpressy\/Kampery\/wp-content\/uploads\/2020\/12\/5-300x225.jpg 300w, https:\/\/portfolio.radom.pl\/wordpressy\/Kampery\/wp-content\/uploads\/2020\/12\/5-768x576.jpg 768w\" sizes=\"(max-width: 933px) 100vw, 933px\" \/> <img loading=\"lazy\" class=\"alignnone wp-image-243 size-full\" src=\"http:\/\/portfolio.radom.pl\/wordpressy\/Kampery\/wp-content\/uploads\/2020\/12\/6.jpg\" alt=\"\" width=\"933\" height=\"700\" srcset=\"https:\/\/portfolio.radom.pl\/wordpressy\/Kampery\/wp-content\/uploads\/2020\/12\/6.jpg 933w, https:\/\/portfolio.radom.pl\/wordpressy\/Kampery\/wp-content\/uploads\/2020\/12\/6-300x225.jpg 300w, https:\/\/portfolio.radom.pl\/wordpressy\/Kampery\/wp-content\/uploads\/2020\/12\/6-768x576.jpg 768w\" sizes=\"(max-width: 933px) 100vw, 933px\" \/> <img loading=\"lazy\" class=\"alignnone wp-image-244 size-full\" src=\"http:\/\/portfolio.radom.pl\/wordpressy\/Kampery\/wp-content\/uploads\/2020\/12\/7.jpg\" alt=\"\" width=\"525\" height=\"700\" srcset=\"https:\/\/portfolio.radom.pl\/wordpressy\/Kampery\/wp-content\/uploads\/2020\/12\/7.jpg 525w, https:\/\/portfolio.radom.pl\/wordpressy\/Kampery\/wp-content\/uploads\/2020\/12\/7-225x300.jpg 225w\" sizes=\"(max-width: 525px) 100vw, 525px\" \/> <img loading=\"lazy\" class=\"alignnone wp-image-245 size-full\" src=\"http:\/\/portfolio.radom.pl\/wordpressy\/Kampery\/wp-content\/uploads\/2020\/12\/8.jpg\" alt=\"\" width=\"933\" height=\"700\" srcset=\"https:\/\/portfolio.radom.pl\/wordpressy\/Kampery\/wp-content\/uploads\/2020\/12\/8.jpg 933w, https:\/\/portfolio.radom.pl\/wordpressy\/Kampery\/wp-content\/uploads\/2020\/12\/8-300x225.jpg 300w, https:\/\/portfolio.radom.pl\/wordpressy\/Kampery\/wp-content\/uploads\/2020\/12\/8-768x576.jpg 768w\" sizes=\"(max-width: 933px) 100vw, 933px\" \/><\/p>\n","protected":false},"excerpt":{"rendered":"<p>5 osobowy 170 KM Skrzynia bieg\u00f3w : Automat Doskonale wyposa\u017cony: Klimatyzacja postojowa sejf TV z wifi czujnik gazu automatyczna skrzynia przetwornica z gniazdem 230 V Kamera cofania Solary 120W Markiza Thule 4,5m pod\u0142oga pod markiz\u0119 O\u015bwietlenie Led Baga\u017cnik na rowery 4 Rolety Reims Mo\u017cliwo\u015b\u0107 wypo\u017cyczenia dodatkowego wyposa\u017cenia: &#8211; zastawa sto\u0142owa &#8211; garnki &#8211; krzes\u0142a i st\u00f3\u0142 Auto po ka\u017cdym wynajmie jest ozonowane i na\u015bwietlane lamp\u0105 [&hellip;]<\/p>\n","protected":false},"author":1,"featured_media":0,"parent":0,"menu_order":0,"comment_status":"closed","ping_status":"closed","template":"template-full-width.php","meta":[],"_links":{"self":[{"href":"https:\/\/portfolio.radom.pl\/wordpressy\/Kampery\/wp-json\/wp\/v2\/pages\/236"}],"collection":[{"href":"https:\/\/portfolio.radom.pl\/wordpressy\/Kampery\/wp-json\/wp\/v2\/pages"}],"about":[{"href":"https:\/\/portfolio.radom.pl\/wordpressy\/Kampery\/wp-json\/wp\/v2\/types\/page"}],"author":[{"embeddable":true,"href":"https:\/\/portfolio.radom.pl\/wordpressy\/Kampery\/wp-json\/wp\/v2\/users\/1"}],"replies":[{"embeddable":true,"href":"https:\/\/portfolio.radom.pl\/wordpressy\/Kampery\/wp-json\/wp\/v2\/comments?post=236"}],"version-history":[{"count":4,"href":"https:\/\/portfolio.radom.pl\/wordpressy\/Kampery\/wp-json\/wp\/v2\/pages\/236\/revisions"}],"predecessor-version":[{"id":268,"href":"https:\/\/portfolio.radom.pl\/wordpressy\/Kampery\/wp-json\/wp\/v2\/pages\/236\/revisions\/268"}],"wp:attachment":[{"href":"https:\/\/portfolio.radom.pl\/wordpressy\/Kampery\/wp-json\/wp\/v2\/media?parent=236"}],"curies":[{"name":"wp","href":"https:\/\/api.w.org\/{rel}","templated":true}]}}